{"id":4015,"date":"2022-08-19T10:49:44","date_gmt":"2022-08-19T08:49:44","guid":{"rendered":"https:\/\/www.lebaraencres.com\/?page_id=4015"},"modified":"2023-08-03T10:17:47","modified_gmt":"2023-08-03T08:17:47","slug":"telechargez-notre-guide-de-conseils-pratiques","status":"publish","type":"page","link":"https:\/\/www.lebaraencres.com\/nl\/liste-des-cartouches-rechargeables-par-nos-bars-a-encre\/telechargez-notre-guide-de-conseils-pratiques\/","title":{"rendered":"<p>Pr&eacute;cautions d&rsquo;emploi<\/p>"},"content":{"rendered":"<div data-elementor-type=\"wp-page\" data-elementor-id=\"4015\" class=\"elementor elementor-4015\" data-elementor-post-type=\"page\">\n\t\t\t\t\t\t<div class=\"elementor-inner\">\n\t\t\t\t<div class=\"elementor-section-wrap\">\n\t\t\t\t\t\t\t\t\t<section class=\"elementor-section elementor-top-section elementor-element elementor-element-75245e0a elementor-section-full_width elementor-section-height-min-height elementor-section-content-middle elementor-section-height-default elementor-section-items-middle\" data-id=\"75245e0a\" data-element_type=\"section\" id=\"top-page\" data-settings='{\"background_background\":\"classic\"}'>\n\t\t\t\t\t\t<div class=\"elementor-container elementor-column-gap-no\">\n\t\t\t\t\t\t\t<div class=\"elementor-row\">\n\t\t\t\t\t<div class=\"elementor-column elementor-col-100 elementor-top-column elementor-element elementor-element-4f3d5a02\" data-id=\"4f3d5a02\" data-element_type=\"column\">\n\t\t\t<div class=\"elementor-column-wrap elementor-element-populated\">\n\t\t\t\t\t\t\t<div class=\"elementor-widget-wrap\">\n\t\t\t\t\t\t<div class=\"elementor-element elementor-element-6d7715b elementor-widget elementor-widget-heading\" data-id=\"6d7715b\" data-element_type=\"widget\" data-widget_type=\"heading.default\">\n\t\t\t\t<div class=\"elementor-widget-container\">\n\t\t\t<style>\/*! elementor - v3.14.0 - 26-06-2023 *\/\n.elementor-heading-title{padding:0;margin:0;line-height:1}.elementor-widget-heading .elementor-heading-title[class*=elementor-size-]>a{color:inherit;font-size:inherit;line-height:inherit}.elementor-widget-heading .elementor-heading-title.elementor-size-small{font-size:15px}.elementor-widget-heading .elementor-heading-title.elementor-size-medium{font-size:19px}.elementor-widget-heading .elementor-heading-title.elementor-size-large{font-size:29px}.elementor-widget-heading .elementor-heading-title.elementor-size-xl{font-size:39px}.elementor-widget-heading .elementor-heading-title.elementor-size-xxl{font-size:59px}<\/style><h1 class=\"elementor-heading-title elementor-size-default\"><span class=\"underline alt\"><span class=\"alt white\">pr&eacute;cautions<\/span> <span class=\"white minus\">werkgelegenheid<\/span><\/span><\/h1>\t\t<\/div>\n\t\t\t\t<\/div>\n\t\t\t\t\t\t<\/div>\n\t\t\t\t\t<\/div>\n\t\t<\/div>\n\t\t\t\t\t\t\t\t<\/div>\n\t\t\t\t\t<\/div>\n\t\t<\/section>\n\t\t\t\t<section class=\"elementor-section elementor-top-section elementor-element elementor-element-34adcb4 elementor-section-full_width elementor-section-height-default elementor-section-height-default\" data-id=\"34adcb4\" data-element_type=\"section\" id=\"precautions\" data-settings='{\"background_background\":\"classic\"}'>\n\t\t\t\t\t\t<div class=\"elementor-container elementor-column-gap-no\">\n\t\t\t\t\t\t\t<div class=\"elementor-row\">\n\t\t\t\t\t<div class=\"elementor-column elementor-col-100 elementor-top-column elementor-element elementor-element-1db1cfc\" data-id=\"1db1cfc\" data-element_type=\"column\">\n\t\t\t<div class=\"elementor-column-wrap elementor-element-populated\">\n\t\t\t\t\t\t\t<div class=\"elementor-widget-wrap\">\n\t\t\t\t\t\t<section class=\"elementor-section elementor-inner-section elementor-element elementor-element-58ad19c elementor-section-full_width elementor-section-height-default elementor-section-height-default\" data-id=\"58ad19c\" data-element_type=\"section\" id=\"questions\">\n\t\t\t\t\t\t<div class=\"elementor-container elementor-column-gap-extended\">\n\t\t\t\t\t\t\t<div class=\"elementor-row\">\n\t\t\t\t\t<div class=\"elementor-column elementor-col-50 elementor-inner-column elementor-element elementor-element-072b2bf left\" data-id=\"072b2bf\" data-element_type=\"column\">\n\t\t\t<div class=\"elementor-column-wrap elementor-element-populated\">\n\t\t\t\t\t\t\t<div class=\"elementor-widget-wrap\">\n\t\t\t\t\t\t<div class=\"elementor-element elementor-element-33953ca aleft has-font elementor-widget-icon-box wgl-icon-box elementor-view-default elementor-invisible elementor-widget elementor-widget-wgl-info-box\" data-id=\"33953ca\" data-element_type=\"widget\" id=\"d-emploi\" data-settings='{\"_animation\":\"fadeInLeft\"}' data-widget_type=\"wgl-info-box.default\">\n\t\t\t\t<div class=\"elementor-widget-container\">\n\t\t\t<div class=\"wgl-infobox  wgl-layout-top\"><div class=\"media-wrapper icon-wrapper\"><span class=\"wgl-icon\"><span class=\"icon elementor-icon\"><svg xmlns=\"http:\/\/www.w3.org\/2000\/svg\" width=\"49.839\" height=\"31.658\" viewbox=\"0 0 49.839 31.658\"><path id=\"icon\" d=\"M15.567,49.258q-.249-.545-.511-1.095-.643-1.345-1.351-2.7C11.583,41.372,9.1,37.226,6.83,33.235a94.257,94.257,0,0,1-4.758-9.25A21.683,21.683,0,0,1,0,15.829q0-.611.046-1.21A15.8,15.8,0,0,1,14.851.031c.191-.011.382-.02.575-.026l.3-.005h.17l.211,0q.349.006.695.027a15.823,15.823,0,0,1,14.851,15.8c0,.163,0,.328-.012.5a22.782,22.782,0,0,1-2.059,7.659A94.92,94.92,0,0,1,24.792,33.3c-2.285,4.02-4.789,8.195-6.917,12.309q-.515.994-1,1.983-.355.729-.689,1.454c-.122.265-.243.529-.361.794q-.128-.29-.261-.581\" transform=\"matrix(0, -1, 1, 0, 0, 31.658)\" fill=\"#db0060\"><\/path><\/svg><\/span><\/span><\/div><div class=\"wgl-infobox_wrapper\"><div class=\"wgl-infobox-title_wrapper\"><h2 class=\"wgl-infobox_title\">Une fois remplie et prot&eacute;g&eacute;e par le bouchon<\/h2><\/div><div class=\"content_wrapper\"><div class=\"wgl-infobox_content\"><p>Votre cartouche doit b&eacute;n&eacute;ficier des <strong>m&ecirc;mes pr&eacute;cautions d?emploi<\/strong><br>dan een nieuwe cartridge.<\/p><p><strong>Conservez les cartouches hors de port&eacute;e des enfants.<\/strong><\/p><p>Manipulez les cartouches d?encre usag&eacute;es <strong>avec pr&eacute;caution<\/strong>, le port d?alimentation en encre pouvant &ecirc;tre l&eacute;g&egrave;rement tach&eacute; d?encre.<\/p><\/div><\/div><\/div><\/div>\t\t<\/div>\n\t\t\t\t<\/div>\n\t\t\t\t\t\t<\/div>\n\t\t\t\t\t<\/div>\n\t\t<\/div>\n\t\t\t\t<div class=\"elementor-column elementor-col-50 elementor-inner-column elementor-element elementor-element-5f5df3d right\" data-id=\"5f5df3d\" data-element_type=\"column\">\n\t\t\t<div class=\"elementor-column-wrap elementor-element-populated\">\n\t\t\t\t\t\t\t<div class=\"elementor-widget-wrap\">\n\t\t\t\t\t\t<div class=\"elementor-element elementor-element-96412f7 aleft has-font elementor-widget-icon-box wgl-icon-box elementor-view-default elementor-invisible elementor-widget elementor-widget-wgl-info-box\" data-id=\"96412f7\" data-element_type=\"widget\" id=\"d-emploi\" data-settings='{\"_animation\":\"fadeInRight\",\"_animation_delay\":200}' data-widget_type=\"wgl-info-box.default\">\n\t\t\t\t<div class=\"elementor-widget-container\">\n\t\t\t<div class=\"wgl-infobox  wgl-layout-top\"><div class=\"media-wrapper icon-wrapper\"><span class=\"wgl-icon\"><span class=\"icon elementor-icon\"><svg xmlns=\"http:\/\/www.w3.org\/2000\/svg\" width=\"49.839\" height=\"31.658\" viewbox=\"0 0 49.839 31.658\"><path id=\"icon\" d=\"M15.567,49.258q-.249-.545-.511-1.095-.643-1.345-1.351-2.7C11.583,41.372,9.1,37.226,6.83,33.235a94.257,94.257,0,0,1-4.758-9.25A21.683,21.683,0,0,1,0,15.829q0-.611.046-1.21A15.8,15.8,0,0,1,14.851.031c.191-.011.382-.02.575-.026l.3-.005h.17l.211,0q.349.006.695.027a15.823,15.823,0,0,1,14.851,15.8c0,.163,0,.328-.012.5a22.782,22.782,0,0,1-2.059,7.659A94.92,94.92,0,0,1,24.792,33.3c-2.285,4.02-4.789,8.195-6.917,12.309q-.515.994-1,1.983-.355.729-.689,1.454c-.122.265-.243.529-.361.794q-.128-.29-.261-.581\" transform=\"matrix(0, -1, 1, 0, 0, 31.658)\" fill=\"#db0060\"><\/path><\/svg><\/span><\/span><\/div><div class=\"wgl-infobox_wrapper\"><div class=\"wgl-infobox-title_wrapper\"><h2 class=\"wgl-infobox_title\">Schud de inktpatronen niet te hard<\/h2><\/div><div class=\"content_wrapper\"><div class=\"wgl-infobox_content\"><p><strong>l?encre risque de s?&eacute;couler des cartouches.<\/strong><\/p><p>Als de inkt in contact komt met de huid, <strong>nettoyez &eacute;nergiquement la r&eacute;gion &agrave; l?eau et au savon<\/strong>.<\/p><p>Bij contact met de ogen, <strong>Spoel ze grondig met water<\/strong>. Si une g&ecirc;ne ou des probl&egrave;mes de vision subsistent apr&egrave;s un nettoyage approfondi, consultez imm&eacute;diatement un m&eacute;decin.<br>?Si de l?encre p&eacute;n&egrave;tre dans votre bouche, recrachez-la imm&eacute;diatement et <strong>consultez aussit&ocirc;t un m&eacute;decin<\/strong>.<\/p><\/div><\/div><\/div><\/div>\t\t<\/div>\n\t\t\t\t<\/div>\n\t\t\t\t\t\t<\/div>\n\t\t\t\t\t<\/div>\n\t\t<\/div>\n\t\t\t\t\t\t\t\t<\/div>\n\t\t\t\t\t<\/div>\n\t\t<\/section>\n\t\t\t\t<section class=\"elementor-section elementor-inner-section elementor-element elementor-element-6f07ac7 elementor-section-boxed elementor-section-height-default elementor-section-height-default\" data-id=\"6f07ac7\" data-element_type=\"section\" id=\"knowledge\">\n\t\t\t\t\t\t<div class=\"elementor-container elementor-column-gap-default\">\n\t\t\t\t\t\t\t<div class=\"elementor-row\">\n\t\t\t\t\t<div class=\"elementor-column elementor-col-50 elementor-inner-column elementor-element elementor-element-1790111 left\" data-id=\"1790111\" data-element_type=\"column\">\n\t\t\t<div class=\"elementor-column-wrap\">\n\t\t\t\t\t\t\t<div class=\"elementor-widget-wrap\">\n\t\t\t\t\t\t\t\t<\/div>\n\t\t\t\t\t<\/div>\n\t\t<\/div>\n\t\t\t\t<div class=\"elementor-column elementor-col-50 elementor-inner-column elementor-element elementor-element-ff39899 right\" data-id=\"ff39899\" data-element_type=\"column\" id=\"le-saviez-vous\" data-settings='{\"background_background\":\"classic\"}'>\n\t\t\t<div class=\"elementor-column-wrap elementor-element-populated\">\n\t\t\t\t\t\t\t<div class=\"elementor-widget-wrap\">\n\t\t\t\t\t\t\t\t<\/div>\n\t\t\t\t\t<\/div>\n\t\t<\/div>\n\t\t\t\t\t\t\t\t<\/div>\n\t\t\t\t\t<\/div>\n\t\t<\/section>\n\t\t\t\t\t\t<\/div>\n\t\t\t\t\t<\/div>\n\t\t<\/div>\n\t\t\t\t\t\t\t\t<\/div>\n\t\t\t\t\t<\/div>\n\t\t<\/section>\n\t\t\t\t\t\t\t\t\t<\/div>\n\t\t\t<\/div>\n\t\t\t\t\t<\/div>","protected":false},"excerpt":{"rendered":"<p>pr&eacute;cautions d&rsquo;emploi Une fois remplie et prot&eacute;g&eacute;e par le bouchon Votre cartouche doit b&eacute;n&eacute;ficier des m&ecirc;mes pr&eacute;cautions d?emploiqu?une cartouche neuve. Conservez les cartouches hors de port&eacute;e des enfants. Manipulez les cartouches d?encre usag&eacute;es avec pr&eacute;caution, le port d?alimentation en encre pouvant &ecirc;tre l&eacute;g&egrave;rement tach&eacute; d?encre. Ne secouez pas les cartouches d?encre trop fort l?encre risque [&hellip;]<\/p>","protected":false},"author":1,"featured_media":0,"parent":4011,"menu_order":304,"comment_status":"closed","ping_status":"closed","template":"","meta":{"_acf_changed":false,"inline_featured_image":false,"footnotes":""},"class_list":["post-4015","page","type-page","status-publish","hentry"],"acf":[],"yoast_head":"<!-- This site is optimized with the Yoast SEO plugin v24.2 - https:\/\/yoast.com\/wordpress\/plugins\/seo\/ -->\n<title>Comment changer ma cartouche d&#039;encre ?<\/title>\n<meta name=\"description\" content=\"Pr\u00e9cautions d&#039;emploi et recommandations d&#039;utilisation pour changer ma cartouche d&#039;encre. Toutes les astuces et conseils !\" \/>\n<meta name=\"robots\" content=\"index, follow, max-snippet:-1, max-image-preview:large, max-video-preview:-1\" \/>\n<link rel=\"canonical\" href=\"https:\/\/www.lebaraencres.com\/nl\/liste-des-cartouches-rechargeables-par-nos-bars-a-encre\/telechargez-notre-guide-de-conseils-pratiques\/\" \/>\n<meta property=\"og:locale\" content=\"nl_NL\" \/>\n<meta property=\"og:type\" content=\"article\" \/>\n<meta property=\"og:title\" content=\"T\u00e9l\u00e9chargez notre guide de conseils pratiques\" \/>\n<meta property=\"og:description\" content=\"Pr\u00e9cautions d&#039;emploi et recommendations d&#039;utilisation de nos cartouches remplies, recharg\u00e9es et recycl\u00e9es. Toutes les astuces et conseils !\" \/>\n<meta property=\"og:url\" content=\"https:\/\/www.lebaraencres.com\/nl\/liste-des-cartouches-rechargeables-par-nos-bars-a-encre\/telechargez-notre-guide-de-conseils-pratiques\/\" \/>\n<meta property=\"og:site_name\" content=\"Bar \u00e0 encre\" \/>\n<meta property=\"article:modified_time\" content=\"2023-08-03T08:17:47+00:00\" \/>\n<meta property=\"og:image\" content=\"https:\/\/www.lebaraencres.com\/wp-content\/uploads\/2022\/09\/section-le-saviez-vous@2x.png\" \/>\n\t<meta property=\"og:image:width\" content=\"983\" \/>\n\t<meta property=\"og:image:height\" content=\"1100\" \/>\n\t<meta property=\"og:image:type\" content=\"image\/png\" \/>\n<meta name=\"twitter:card\" content=\"summary_large_image\" \/>\n<meta name=\"twitter:title\" content=\"T\u00e9l\u00e9chargez notre guide de conseils pratiques\" \/>\n<meta name=\"twitter:description\" content=\"Pr\u00e9cautions d&#039;emploi et recommendations d&#039;utilisation de nos cartouches remplies, recharg\u00e9es et recycl\u00e9es. Toutes les astuces et conseils !\" \/>\n<meta name=\"twitter:image\" content=\"https:\/\/www.lebaraencres.com\/wp-content\/uploads\/2022\/09\/section-le-saviez-vous@2x.png\" \/>\n<meta name=\"twitter:label1\" content=\"Geschatte leestijd\" \/>\n\t<meta name=\"twitter:data1\" content=\"1 minuut\" \/>\n<script type=\"application\/ld+json\" class=\"yoast-schema-graph\">{\"@context\":\"https:\/\/schema.org\",\"@graph\":[{\"@type\":\"WebPage\",\"@id\":\"https:\/\/www.lebaraencres.com\/liste-des-cartouches-rechargeables-par-nos-bars-a-encre\/telechargez-notre-guide-de-conseils-pratiques\/\",\"url\":\"https:\/\/www.lebaraencres.com\/liste-des-cartouches-rechargeables-par-nos-bars-a-encre\/telechargez-notre-guide-de-conseils-pratiques\/\",\"name\":\"Comment changer ma cartouche d'encre ?\",\"isPartOf\":{\"@id\":\"https:\/\/www.lebaraencres.com\/#website\"},\"datePublished\":\"2022-08-19T08:49:44+00:00\",\"dateModified\":\"2023-08-03T08:17:47+00:00\",\"description\":\"Pr\u00e9cautions d'emploi et recommandations d'utilisation pour changer ma cartouche d'encre. Toutes les astuces et conseils !\",\"breadcrumb\":{\"@id\":\"https:\/\/www.lebaraencres.com\/liste-des-cartouches-rechargeables-par-nos-bars-a-encre\/telechargez-notre-guide-de-conseils-pratiques\/#breadcrumb\"},\"inLanguage\":\"nl-NL\",\"potentialAction\":[{\"@type\":\"ReadAction\",\"target\":[\"https:\/\/www.lebaraencres.com\/liste-des-cartouches-rechargeables-par-nos-bars-a-encre\/telechargez-notre-guide-de-conseils-pratiques\/\"]}]},{\"@type\":\"BreadcrumbList\",\"@id\":\"https:\/\/www.lebaraencres.com\/liste-des-cartouches-rechargeables-par-nos-bars-a-encre\/telechargez-notre-guide-de-conseils-pratiques\/#breadcrumb\",\"itemListElement\":[{\"@type\":\"ListItem\",\"position\":1,\"name\":\"Accueil\",\"item\":\"https:\/\/www.lebaraencres.com\/\"},{\"@type\":\"ListItem\",\"position\":2,\"name\":\"Liste des cartouches prises en charge\",\"item\":\"https:\/\/www.lebaraencres.com\/liste-des-cartouches-rechargeables-par-nos-bars-a-encre\/\"},{\"@type\":\"ListItem\",\"position\":3,\"name\":\"Pr\u00e9cautions d&#8217;emploi\"}]},{\"@type\":\"WebSite\",\"@id\":\"https:\/\/www.lebaraencres.com\/#website\",\"url\":\"https:\/\/www.lebaraencres.com\/\",\"name\":\"Bar \u00e0 encre\",\"description\":\"by RIS\",\"publisher\":{\"@id\":\"https:\/\/www.lebaraencres.com\/#organization\"},\"potentialAction\":[{\"@type\":\"SearchAction\",\"target\":{\"@type\":\"EntryPoint\",\"urlTemplate\":\"https:\/\/www.lebaraencres.com\/?s={search_term_string}\"},\"query-input\":{\"@type\":\"PropertyValueSpecification\",\"valueRequired\":true,\"valueName\":\"search_term_string\"}}],\"inLanguage\":\"nl-NL\"},{\"@type\":\"Organization\",\"@id\":\"https:\/\/www.lebaraencres.com\/#organization\",\"name\":\"Bar \u00e0 encre\",\"url\":\"https:\/\/www.lebaraencres.com\/\",\"logo\":{\"@type\":\"ImageObject\",\"inLanguage\":\"nl-NL\",\"@id\":\"https:\/\/www.lebaraencres.com\/#\/schema\/logo\/image\/\",\"url\":\"https:\/\/www.lebaraencres.com\/wp-content\/uploads\/2022\/07\/logo-BAE.png\",\"contentUrl\":\"https:\/\/www.lebaraencres.com\/wp-content\/uploads\/2022\/07\/logo-BAE.png\",\"width\":216,\"height\":135,\"caption\":\"Bar \u00e0 encre\"},\"image\":{\"@id\":\"https:\/\/www.lebaraencres.com\/#\/schema\/logo\/image\/\"}}]}<\/script>\n<!-- \/ Yoast SEO plugin. -->","yoast_head_json":{"title":"Comment changer ma cartouche d'encre ?","description":"Pr\u00e9cautions d'emploi et recommandations d'utilisation pour changer ma cartouche d'encre. Toutes les astuces et conseils !","robots":{"index":"index","follow":"follow","max-snippet":"max-snippet:-1","max-image-preview":"max-image-preview:large","max-video-preview":"max-video-preview:-1"},"canonical":"https:\/\/www.lebaraencres.com\/nl\/liste-des-cartouches-rechargeables-par-nos-bars-a-encre\/telechargez-notre-guide-de-conseils-pratiques\/","og_locale":"nl_NL","og_type":"article","og_title":"T\u00e9l\u00e9chargez notre guide de conseils pratiques","og_description":"Pr\u00e9cautions d'emploi et recommendations d'utilisation de nos cartouches remplies, recharg\u00e9es et recycl\u00e9es. Toutes les astuces et conseils !","og_url":"https:\/\/www.lebaraencres.com\/nl\/liste-des-cartouches-rechargeables-par-nos-bars-a-encre\/telechargez-notre-guide-de-conseils-pratiques\/","og_site_name":"Bar \u00e0 encre","article_modified_time":"2023-08-03T08:17:47+00:00","og_image":[{"width":983,"height":1100,"url":"https:\/\/www.lebaraencres.com\/wp-content\/uploads\/2022\/09\/section-le-saviez-vous@2x.png","type":"image\/png"}],"twitter_card":"summary_large_image","twitter_title":"T\u00e9l\u00e9chargez notre guide de conseils pratiques","twitter_description":"Pr\u00e9cautions d'emploi et recommendations d'utilisation de nos cartouches remplies, recharg\u00e9es et recycl\u00e9es. Toutes les astuces et conseils !","twitter_image":"https:\/\/www.lebaraencres.com\/wp-content\/uploads\/2022\/09\/section-le-saviez-vous@2x.png","twitter_misc":{"Geschatte leestijd":"1 minuut"},"schema":{"@context":"https:\/\/schema.org","@graph":[{"@type":"WebPage","@id":"https:\/\/www.lebaraencres.com\/liste-des-cartouches-rechargeables-par-nos-bars-a-encre\/telechargez-notre-guide-de-conseils-pratiques\/","url":"https:\/\/www.lebaraencres.com\/liste-des-cartouches-rechargeables-par-nos-bars-a-encre\/telechargez-notre-guide-de-conseils-pratiques\/","name":"Comment changer ma cartouche d'encre ?","isPartOf":{"@id":"https:\/\/www.lebaraencres.com\/#website"},"datePublished":"2022-08-19T08:49:44+00:00","dateModified":"2023-08-03T08:17:47+00:00","description":"Pr\u00e9cautions d'emploi et recommandations d'utilisation pour changer ma cartouche d'encre. Toutes les astuces et conseils !","breadcrumb":{"@id":"https:\/\/www.lebaraencres.com\/liste-des-cartouches-rechargeables-par-nos-bars-a-encre\/telechargez-notre-guide-de-conseils-pratiques\/#breadcrumb"},"inLanguage":"nl-NL","potentialAction":[{"@type":"ReadAction","target":["https:\/\/www.lebaraencres.com\/liste-des-cartouches-rechargeables-par-nos-bars-a-encre\/telechargez-notre-guide-de-conseils-pratiques\/"]}]},{"@type":"BreadcrumbList","@id":"https:\/\/www.lebaraencres.com\/liste-des-cartouches-rechargeables-par-nos-bars-a-encre\/telechargez-notre-guide-de-conseils-pratiques\/#breadcrumb","itemListElement":[{"@type":"ListItem","position":1,"name":"Accueil","item":"https:\/\/www.lebaraencres.com\/"},{"@type":"ListItem","position":2,"name":"Liste des cartouches prises en charge","item":"https:\/\/www.lebaraencres.com\/liste-des-cartouches-rechargeables-par-nos-bars-a-encre\/"},{"@type":"ListItem","position":3,"name":"Pr\u00e9cautions d&#8217;emploi"}]},{"@type":"WebSite","@id":"https:\/\/www.lebaraencres.com\/#website","url":"https:\/\/www.lebaraencres.com\/","name":"Bar \u00e0 encre","description":"by RIS","publisher":{"@id":"https:\/\/www.lebaraencres.com\/#organization"},"potentialAction":[{"@type":"SearchAction","target":{"@type":"EntryPoint","urlTemplate":"https:\/\/www.lebaraencres.com\/?s={search_term_string}"},"query-input":{"@type":"PropertyValueSpecification","valueRequired":true,"valueName":"search_term_string"}}],"inLanguage":"nl-NL"},{"@type":"Organization","@id":"https:\/\/www.lebaraencres.com\/#organization","name":"Bar \u00e0 encre","url":"https:\/\/www.lebaraencres.com\/","logo":{"@type":"ImageObject","inLanguage":"nl-NL","@id":"https:\/\/www.lebaraencres.com\/#\/schema\/logo\/image\/","url":"https:\/\/www.lebaraencres.com\/wp-content\/uploads\/2022\/07\/logo-BAE.png","contentUrl":"https:\/\/www.lebaraencres.com\/wp-content\/uploads\/2022\/07\/logo-BAE.png","width":216,"height":135,"caption":"Bar \u00e0 encre"},"image":{"@id":"https:\/\/www.lebaraencres.com\/#\/schema\/logo\/image\/"}}]}},"_links":{"self":[{"href":"https:\/\/www.lebaraencres.com\/nl\/wp-json\/wp\/v2\/pages\/4015","targetHints":{"allow":["GET"]}}],"collection":[{"href":"https:\/\/www.lebaraencres.com\/nl\/wp-json\/wp\/v2\/pages"}],"about":[{"href":"https:\/\/www.lebaraencres.com\/nl\/wp-json\/wp\/v2\/types\/page"}],"author":[{"embeddable":true,"href":"https:\/\/www.lebaraencres.com\/nl\/wp-json\/wp\/v2\/users\/1"}],"replies":[{"embeddable":true,"href":"https:\/\/www.lebaraencres.com\/nl\/wp-json\/wp\/v2\/comments?post=4015"}],"version-history":[{"count":138,"href":"https:\/\/www.lebaraencres.com\/nl\/wp-json\/wp\/v2\/pages\/4015\/revisions"}],"predecessor-version":[{"id":11929,"href":"https:\/\/www.lebaraencres.com\/nl\/wp-json\/wp\/v2\/pages\/4015\/revisions\/11929"}],"up":[{"embeddable":true,"href":"https:\/\/www.lebaraencres.com\/nl\/wp-json\/wp\/v2\/pages\/4011"}],"wp:attachment":[{"href":"https:\/\/www.lebaraencres.com\/nl\/wp-json\/wp\/v2\/media?parent=4015"}],"curies":[{"name":"wp","href":"https:\/\/api.w.org\/{rel}","templated":true}]}}