{"id":12090,"date":"2023-11-22T13:57:53","date_gmt":"2023-11-22T12:57:53","guid":{"rendered":"https:\/\/www.lebaraencres.com\/?page_id=12090"},"modified":"2025-02-26T15:30:01","modified_gmt":"2025-02-26T14:30:01","slug":"nous-rachetons-vos-cartouches","status":"publish","type":"page","link":"https:\/\/www.lebaraencres.com\/en\/nous-rachetons-vos-cartouches\/","title":{"rendered":"<p>Le top des cartouches recycl&eacute;es !<\/p>"},"content":{"rendered":"<div data-elementor-type=\"wp-page\" data-elementor-id=\"12090\" class=\"elementor elementor-12090\" data-elementor-post-type=\"page\">\n\t\t\t\t\t\t<div class=\"elementor-inner\">\n\t\t\t\t<div class=\"elementor-section-wrap\">\n\t\t\t\t\t\t\t\t\t<section class=\"elementor-section elementor-top-section elementor-element elementor-element-2ed98ef elementor-section-boxed elementor-section-height-default elementor-section-height-default\" data-id=\"2ed98ef\" data-element_type=\"section\">\n\t\t\t\t\t\t<div class=\"elementor-container elementor-column-gap-default\">\n\t\t\t\t\t\t\t<div class=\"elementor-row\">\n\t\t\t\t\t<div class=\"elementor-column elementor-col-100 elementor-top-column elementor-element elementor-element-689e292\" data-id=\"689e292\" data-element_type=\"column\">\n\t\t\t<div class=\"elementor-column-wrap elementor-element-populated\">\n\t\t\t\t\t\t\t<div class=\"elementor-widget-wrap\">\n\t\t\t\t\t\t<div class=\"elementor-element elementor-element-2fac4ad elementor-widget elementor-widget-heading\" data-id=\"2fac4ad\" data-element_type=\"widget\" data-widget_type=\"heading.default\">\n\t\t\t\t<div class=\"elementor-widget-container\">\n\t\t\t<style>\/*! elementor - v3.14.0 - 26-06-2023 *\/\n.elementor-heading-title{padding:0;margin:0;line-height:1}.elementor-widget-heading .elementor-heading-title[class*=elementor-size-]>a{color:inherit;font-size:inherit;line-height:inherit}.elementor-widget-heading .elementor-heading-title.elementor-size-small{font-size:15px}.elementor-widget-heading .elementor-heading-title.elementor-size-medium{font-size:19px}.elementor-widget-heading .elementor-heading-title.elementor-size-large{font-size:29px}.elementor-widget-heading .elementor-heading-title.elementor-size-xl{font-size:39px}.elementor-widget-heading .elementor-heading-title.elementor-size-xxl{font-size:59px}<\/style><h4 class=\"elementor-heading-title elementor-size-default\">Le top des cartouches recycl&eacute;es<\/h4>\t\t<\/div>\n\t\t\t\t<\/div>\n\t\t\t\t\t\t<\/div>\n\t\t\t\t\t<\/div>\n\t\t<\/div>\n\t\t\t\t\t\t\t\t<\/div>\n\t\t\t\t\t<\/div>\n\t\t<\/section>\n\t\t\t\t<main class=\"elementor-section elementor-top-section elementor-element elementor-element-9e31832 elementor-section-boxed elementor-section-height-default elementor-section-height-default\" data-id=\"9e31832\" data-element_type=\"section\">\n\t\t\t\t\t\t<div class=\"elementor-container elementor-column-gap-default\">\n\t\t\t\t\t\t\t<div class=\"elementor-row\">\n\t\t\t\t\t<div class=\"elementor-column elementor-col-100 elementor-top-column elementor-element elementor-element-6b7836c\" data-id=\"6b7836c\" data-element_type=\"column\">\n\t\t\t<div class=\"elementor-column-wrap elementor-element-populated\">\n\t\t\t\t\t\t\t<div class=\"elementor-widget-wrap\">\n\t\t\t\t\t\t<div class=\"elementor-element elementor-element-cec51a1 elementor-widget elementor-widget-text-editor\" data-id=\"cec51a1\" data-element_type=\"widget\" data-widget_type=\"text-editor.default\">\n\t\t\t\t<div class=\"elementor-widget-container\">\n\t\t\t<style>\/*! elementor - v3.14.0 - 26-06-2023 *\/\n.elementor-widget-text-editor.elementor-drop-cap-view-stacked .elementor-drop-cap{background-color:#69727d;color:#fff}.elementor-widget-text-editor.elementor-drop-cap-view-framed .elementor-drop-cap{color:#69727d;border:3px solid;background-color:transparent}.elementor-widget-text-editor:not(.elementor-drop-cap-view-default) .elementor-drop-cap{margin-top:8px}.elementor-widget-text-editor:not(.elementor-drop-cap-view-default) .elementor-drop-cap-letter{width:1em;height:1em}.elementor-widget-text-editor .elementor-drop-cap{float:left;text-align:center;line-height:1;font-size:50px}.elementor-widget-text-editor .elementor-drop-cap-letter{display:inline-block}<\/style>\t\t\t\t\t<div class=\"elementor-text-editor elementor-clearfix\">\n\t\t\t\t<p><span>Vous cherchez une solution &eacute;cologique et &eacute;conomique pour vos cartouches d&rsquo;encre vides ? Ne cherchez pas plus loin ! Notre service de rachat de cartouches d&rsquo;encre offre une opportunit&eacute; unique de <strong>valoriser vos cartouches usag&eacute;es tout en r&eacute;alisant des &eacute;conomies<\/strong> cons&eacute;quentes. Nous vous offrons une alternative durable et rentable en rachetant vos cartouches vides &agrave; des tarifs avantageux. Faites un geste pour l&rsquo;environnement tout en b&eacute;n&eacute;ficiant d&rsquo;une <strong>compensation financi&egrave;re<\/strong> gr&acirc;ce &agrave; notre programme de rachat de cartouches d&rsquo;encre.<\/span><\/p><p>Retrouvez ci-dessous <strong>les 18 r&eacute;f&eacute;rences de cartouches les plus recycl&eacute;es<\/strong> en France :<\/p>\t\t\t\t\t<\/div>\n\t\t\t\t\t\t<\/div>\n\t\t\t\t<\/div>\n\t\t\t\t\t\t<\/div>\n\t\t\t\t\t<\/div>\n\t\t<\/div>\n\t\t\t\t\t\t\t\t<\/div>\n\t\t\t\t\t<\/div>\n\t\t<\/main>\n\t\t\t\t<section class=\"elementor-section elementor-top-section elementor-element elementor-element-a25ef80 elementor-section-boxed elementor-section-height-default elementor-section-height-default\" data-id=\"a25ef80\" data-element_type=\"section\">\n\t\t\t\t\t\t<div class=\"elementor-container elementor-column-gap-default\">\n\t\t\t\t\t\t\t<div class=\"elementor-row\">\n\t\t\t\t\t<div class=\"elementor-column elementor-col-100 elementor-top-column elementor-element elementor-element-b3b5295\" data-id=\"b3b5295\" data-element_type=\"column\">\n\t\t\t<div class=\"elementor-column-wrap elementor-element-populated\">\n\t\t\t\t\t\t\t<div class=\"elementor-widget-wrap\">\n\t\t\t\t\t\t<div class=\"elementor-element elementor-element-406ed64 elementor-widget elementor-widget-image\" data-id=\"406ed64\" data-element_type=\"widget\" data-widget_type=\"image.default\">\n\t\t\t\t<div class=\"elementor-widget-container\">\n\t\t\t<style>\/*! elementor - v3.14.0 - 26-06-2023 *\/\n.elementor-widget-image{text-align:center}.elementor-widget-image a{display:inline-block}.elementor-widget-image a img[src$=\".svg\"]{width:48px}.elementor-widget-image img{vertical-align:middle;display:inline-block}<\/style>\t\t\t\t\t<div class=\"elementor-image\">\n\t\t\t\t\t\t\t\t\t\t\t\t<img loading=\"lazy\" decoding=\"async\" width=\"730\" height=\"1024\" src=\"https:\/\/www.lebaraencres.com\/wp-content\/uploads\/2023\/11\/Affiche-rachat-sans-prix-730x1024.png\" class=\"attachment-large size-large wp-image-12099\" alt=\"rachat cartouche d'encre\" srcset=\"https:\/\/www.lebaraencres.com\/wp-content\/uploads\/2023\/11\/Affiche-rachat-sans-prix-730x1024.png 730w, https:\/\/www.lebaraencres.com\/wp-content\/uploads\/2023\/11\/Affiche-rachat-sans-prix-214x300.png 214w, https:\/\/www.lebaraencres.com\/wp-content\/uploads\/2023\/11\/Affiche-rachat-sans-prix-768x1077.png 768w, https:\/\/www.lebaraencres.com\/wp-content\/uploads\/2023\/11\/Affiche-rachat-sans-prix-1095x1536.png 1095w, https:\/\/www.lebaraencres.com\/wp-content\/uploads\/2023\/11\/Affiche-rachat-sans-prix-1460x2048.png 1460w, https:\/\/www.lebaraencres.com\/wp-content\/uploads\/2023\/11\/Affiche-rachat-sans-prix-9x12.png 9w, https:\/\/www.lebaraencres.com\/wp-content\/uploads\/2023\/11\/Affiche-rachat-sans-prix.png 1922w\" sizes=\"auto, (max-width: 730px) 100vw, 730px\">\t\t\t\t\t\t\t\t\t\t\t\t\t\t<\/div>\n\t\t\t\t\t\t<\/div>\n\t\t\t\t<\/div>\n\t\t\t\t\t\t<\/div>\n\t\t\t\t\t<\/div>\n\t\t<\/div>\n\t\t\t\t\t\t\t\t<\/div>\n\t\t\t\t\t<\/div>\n\t\t<\/section>\n\t\t\t\t\t\t\t\t\t<\/div>\n\t\t\t<\/div>\n\t\t\t\t\t<\/div>","protected":false},"excerpt":{"rendered":"<p>Le top des cartouches recycl&eacute;es Vous cherchez une solution &eacute;cologique et &eacute;conomique pour vos cartouches d&rsquo;encre vides ? Ne cherchez pas plus loin ! Notre service de rachat de cartouches d&rsquo;encre offre une opportunit&eacute; unique de valoriser vos cartouches usag&eacute;es tout en r&eacute;alisant des &eacute;conomies cons&eacute;quentes. Nous vous offrons une alternative durable et rentable en [&hellip;]<\/p>","protected":false},"author":4,"featured_media":0,"parent":0,"menu_order":0,"comment_status":"closed","ping_status":"closed","template":"","meta":{"_acf_changed":false,"inline_featured_image":false,"footnotes":""},"class_list":["post-12090","page","type-page","status-publish","hentry"],"acf":[],"yoast_head":"<!-- This site is optimized with the Yoast SEO plugin v24.2 - https:\/\/yoast.com\/wordpress\/plugins\/seo\/ -->\n<title>Le top des cartouches recycl\u00e9es ! - Bar \u00e0 encre<\/title>\n<meta name=\"robots\" content=\"index, follow, max-snippet:-1, max-image-preview:large, max-video-preview:-1\" \/>\n<link rel=\"canonical\" href=\"https:\/\/www.lebaraencres.com\/en\/nous-rachetons-vos-cartouches\/\" \/>\n<meta property=\"og:locale\" content=\"en_GB\" \/>\n<meta property=\"og:type\" content=\"article\" \/>\n<meta property=\"og:title\" content=\"Le top des cartouches recycl\u00e9es ! - Bar \u00e0 encre\" \/>\n<meta property=\"og:description\" content=\"Le top des cartouches recycl\u00e9es Vous cherchez une solution \u00e9cologique et \u00e9conomique pour vos cartouches d&#8217;encre vides ? Ne cherchez pas plus loin ! Notre service de rachat de cartouches d&#8217;encre offre une opportunit\u00e9 unique de valoriser vos cartouches usag\u00e9es tout en r\u00e9alisant des \u00e9conomies cons\u00e9quentes. Nous vous offrons une alternative durable et rentable en [&hellip;]\" \/>\n<meta property=\"og:url\" content=\"https:\/\/www.lebaraencres.com\/en\/nous-rachetons-vos-cartouches\/\" \/>\n<meta property=\"og:site_name\" content=\"Bar \u00e0 encre\" \/>\n<meta property=\"article:modified_time\" content=\"2025-02-26T14:30:01+00:00\" \/>\n<meta property=\"og:image\" content=\"https:\/\/www.lebaraencres.com\/wp-content\/uploads\/2023\/11\/Affiche-rachat-sans-prix-730x1024.png\" \/>\n<meta name=\"twitter:card\" content=\"summary_large_image\" \/>\n<meta name=\"twitter:label1\" content=\"Estimated reading time\" \/>\n\t<meta name=\"twitter:data1\" content=\"1 minute\" \/>\n<script type=\"application\/ld+json\" class=\"yoast-schema-graph\">{\"@context\":\"https:\/\/schema.org\",\"@graph\":[{\"@type\":\"WebPage\",\"@id\":\"https:\/\/www.lebaraencres.com\/nous-rachetons-vos-cartouches\/\",\"url\":\"https:\/\/www.lebaraencres.com\/nous-rachetons-vos-cartouches\/\",\"name\":\"Le top des cartouches recycl\u00e9es ! - Bar \u00e0 encre\",\"isPartOf\":{\"@id\":\"https:\/\/www.lebaraencres.com\/#website\"},\"primaryImageOfPage\":{\"@id\":\"https:\/\/www.lebaraencres.com\/nous-rachetons-vos-cartouches\/#primaryimage\"},\"image\":{\"@id\":\"https:\/\/www.lebaraencres.com\/nous-rachetons-vos-cartouches\/#primaryimage\"},\"thumbnailUrl\":\"https:\/\/www.lebaraencres.com\/wp-content\/uploads\/2023\/11\/Affiche-rachat-sans-prix-730x1024.png\",\"datePublished\":\"2023-11-22T12:57:53+00:00\",\"dateModified\":\"2025-02-26T14:30:01+00:00\",\"breadcrumb\":{\"@id\":\"https:\/\/www.lebaraencres.com\/nous-rachetons-vos-cartouches\/#breadcrumb\"},\"inLanguage\":\"en-GB\",\"potentialAction\":[{\"@type\":\"ReadAction\",\"target\":[\"https:\/\/www.lebaraencres.com\/nous-rachetons-vos-cartouches\/\"]}]},{\"@type\":\"ImageObject\",\"inLanguage\":\"en-GB\",\"@id\":\"https:\/\/www.lebaraencres.com\/nous-rachetons-vos-cartouches\/#primaryimage\",\"url\":\"https:\/\/www.lebaraencres.com\/wp-content\/uploads\/2023\/11\/Affiche-rachat-sans-prix-730x1024.png\",\"contentUrl\":\"https:\/\/www.lebaraencres.com\/wp-content\/uploads\/2023\/11\/Affiche-rachat-sans-prix-730x1024.png\"},{\"@type\":\"BreadcrumbList\",\"@id\":\"https:\/\/www.lebaraencres.com\/nous-rachetons-vos-cartouches\/#breadcrumb\",\"itemListElement\":[{\"@type\":\"ListItem\",\"position\":1,\"name\":\"Accueil\",\"item\":\"https:\/\/www.lebaraencres.com\/\"},{\"@type\":\"ListItem\",\"position\":2,\"name\":\"Le top des cartouches recycl\u00e9es !\"}]},{\"@type\":\"WebSite\",\"@id\":\"https:\/\/www.lebaraencres.com\/#website\",\"url\":\"https:\/\/www.lebaraencres.com\/\",\"name\":\"Bar \u00e0 encre\",\"description\":\"by RIS\",\"publisher\":{\"@id\":\"https:\/\/www.lebaraencres.com\/#organization\"},\"potentialAction\":[{\"@type\":\"SearchAction\",\"target\":{\"@type\":\"EntryPoint\",\"urlTemplate\":\"https:\/\/www.lebaraencres.com\/?s={search_term_string}\"},\"query-input\":{\"@type\":\"PropertyValueSpecification\",\"valueRequired\":true,\"valueName\":\"search_term_string\"}}],\"inLanguage\":\"en-GB\"},{\"@type\":\"Organization\",\"@id\":\"https:\/\/www.lebaraencres.com\/#organization\",\"name\":\"Bar \u00e0 encre\",\"url\":\"https:\/\/www.lebaraencres.com\/\",\"logo\":{\"@type\":\"ImageObject\",\"inLanguage\":\"en-GB\",\"@id\":\"https:\/\/www.lebaraencres.com\/#\/schema\/logo\/image\/\",\"url\":\"https:\/\/www.lebaraencres.com\/wp-content\/uploads\/2022\/07\/logo-BAE.png\",\"contentUrl\":\"https:\/\/www.lebaraencres.com\/wp-content\/uploads\/2022\/07\/logo-BAE.png\",\"width\":216,\"height\":135,\"caption\":\"Bar \u00e0 encre\"},\"image\":{\"@id\":\"https:\/\/www.lebaraencres.com\/#\/schema\/logo\/image\/\"}}]}<\/script>\n<!-- \/ Yoast SEO plugin. -->","yoast_head_json":{"title":"Le top des cartouches recycl\u00e9es ! - Bar \u00e0 encre","robots":{"index":"index","follow":"follow","max-snippet":"max-snippet:-1","max-image-preview":"max-image-preview:large","max-video-preview":"max-video-preview:-1"},"canonical":"https:\/\/www.lebaraencres.com\/en\/nous-rachetons-vos-cartouches\/","og_locale":"en_GB","og_type":"article","og_title":"Le top des cartouches recycl\u00e9es ! - Bar \u00e0 encre","og_description":"Le top des cartouches recycl\u00e9es Vous cherchez une solution \u00e9cologique et \u00e9conomique pour vos cartouches d&#8217;encre vides ? Ne cherchez pas plus loin ! Notre service de rachat de cartouches d&#8217;encre offre une opportunit\u00e9 unique de valoriser vos cartouches usag\u00e9es tout en r\u00e9alisant des \u00e9conomies cons\u00e9quentes. Nous vous offrons une alternative durable et rentable en [&hellip;]","og_url":"https:\/\/www.lebaraencres.com\/en\/nous-rachetons-vos-cartouches\/","og_site_name":"Bar \u00e0 encre","article_modified_time":"2025-02-26T14:30:01+00:00","og_image":[{"url":"https:\/\/www.lebaraencres.com\/wp-content\/uploads\/2023\/11\/Affiche-rachat-sans-prix-730x1024.png","type":"","width":"","height":""}],"twitter_card":"summary_large_image","twitter_misc":{"Estimated reading time":"1 minute"},"schema":{"@context":"https:\/\/schema.org","@graph":[{"@type":"WebPage","@id":"https:\/\/www.lebaraencres.com\/nous-rachetons-vos-cartouches\/","url":"https:\/\/www.lebaraencres.com\/nous-rachetons-vos-cartouches\/","name":"Le top des cartouches recycl\u00e9es ! - Bar \u00e0 encre","isPartOf":{"@id":"https:\/\/www.lebaraencres.com\/#website"},"primaryImageOfPage":{"@id":"https:\/\/www.lebaraencres.com\/nous-rachetons-vos-cartouches\/#primaryimage"},"image":{"@id":"https:\/\/www.lebaraencres.com\/nous-rachetons-vos-cartouches\/#primaryimage"},"thumbnailUrl":"https:\/\/www.lebaraencres.com\/wp-content\/uploads\/2023\/11\/Affiche-rachat-sans-prix-730x1024.png","datePublished":"2023-11-22T12:57:53+00:00","dateModified":"2025-02-26T14:30:01+00:00","breadcrumb":{"@id":"https:\/\/www.lebaraencres.com\/nous-rachetons-vos-cartouches\/#breadcrumb"},"inLanguage":"en-GB","potentialAction":[{"@type":"ReadAction","target":["https:\/\/www.lebaraencres.com\/nous-rachetons-vos-cartouches\/"]}]},{"@type":"ImageObject","inLanguage":"en-GB","@id":"https:\/\/www.lebaraencres.com\/nous-rachetons-vos-cartouches\/#primaryimage","url":"https:\/\/www.lebaraencres.com\/wp-content\/uploads\/2023\/11\/Affiche-rachat-sans-prix-730x1024.png","contentUrl":"https:\/\/www.lebaraencres.com\/wp-content\/uploads\/2023\/11\/Affiche-rachat-sans-prix-730x1024.png"},{"@type":"BreadcrumbList","@id":"https:\/\/www.lebaraencres.com\/nous-rachetons-vos-cartouches\/#breadcrumb","itemListElement":[{"@type":"ListItem","position":1,"name":"Accueil","item":"https:\/\/www.lebaraencres.com\/"},{"@type":"ListItem","position":2,"name":"Le top des cartouches recycl\u00e9es !"}]},{"@type":"WebSite","@id":"https:\/\/www.lebaraencres.com\/#website","url":"https:\/\/www.lebaraencres.com\/","name":"Bar \u00e0 encre","description":"by RIS","publisher":{"@id":"https:\/\/www.lebaraencres.com\/#organization"},"potentialAction":[{"@type":"SearchAction","target":{"@type":"EntryPoint","urlTemplate":"https:\/\/www.lebaraencres.com\/?s={search_term_string}"},"query-input":{"@type":"PropertyValueSpecification","valueRequired":true,"valueName":"search_term_string"}}],"inLanguage":"en-GB"},{"@type":"Organization","@id":"https:\/\/www.lebaraencres.com\/#organization","name":"Bar \u00e0 encre","url":"https:\/\/www.lebaraencres.com\/","logo":{"@type":"ImageObject","inLanguage":"en-GB","@id":"https:\/\/www.lebaraencres.com\/#\/schema\/logo\/image\/","url":"https:\/\/www.lebaraencres.com\/wp-content\/uploads\/2022\/07\/logo-BAE.png","contentUrl":"https:\/\/www.lebaraencres.com\/wp-content\/uploads\/2022\/07\/logo-BAE.png","width":216,"height":135,"caption":"Bar \u00e0 encre"},"image":{"@id":"https:\/\/www.lebaraencres.com\/#\/schema\/logo\/image\/"}}]}},"_links":{"self":[{"href":"https:\/\/www.lebaraencres.com\/en\/wp-json\/wp\/v2\/pages\/12090","targetHints":{"allow":["GET"]}}],"collection":[{"href":"https:\/\/www.lebaraencres.com\/en\/wp-json\/wp\/v2\/pages"}],"about":[{"href":"https:\/\/www.lebaraencres.com\/en\/wp-json\/wp\/v2\/types\/page"}],"author":[{"embeddable":true,"href":"https:\/\/www.lebaraencres.com\/en\/wp-json\/wp\/v2\/users\/4"}],"replies":[{"embeddable":true,"href":"https:\/\/www.lebaraencres.com\/en\/wp-json\/wp\/v2\/comments?post=12090"}],"version-history":[{"count":20,"href":"https:\/\/www.lebaraencres.com\/en\/wp-json\/wp\/v2\/pages\/12090\/revisions"}],"predecessor-version":[{"id":12625,"href":"https:\/\/www.lebaraencres.com\/en\/wp-json\/wp\/v2\/pages\/12090\/revisions\/12625"}],"wp:attachment":[{"href":"https:\/\/www.lebaraencres.com\/en\/wp-json\/wp\/v2\/media?parent=12090"}],"curies":[{"name":"wp","href":"https:\/\/api.w.org\/{rel}","templated":true}]}}