{"id":4188,"date":"2022-08-22T15:51:00","date_gmt":"2022-08-22T13:51:00","guid":{"rendered":"https:\/\/www.lebaraencres.com\/?page_id=4188"},"modified":"2022-10-18T18:40:34","modified_gmt":"2022-10-18T16:40:34","slug":"postuler-librement","status":"publish","type":"page","link":"https:\/\/www.lebaraencres.com\/de\/postuler-librement\/","title":{"rendered":"<p>Candidature spontan&eacute;e<\/p>"},"content":{"rendered":"<div data-elementor-type=\"wp-page\" data-elementor-id=\"4188\" class=\"elementor elementor-4188\" data-elementor-post-type=\"page\">\n\t\t\t\t\t\t<div class=\"elementor-inner\">\n\t\t\t\t<div class=\"elementor-section-wrap\">\n\t\t\t\t\t\t\t\t\t<section class=\"elementor-section elementor-top-section elementor-element elementor-element-1af415e0 elementor-section-full_width elementor-section-height-min-height elementor-section-content-middle elementor-section-height-default elementor-section-items-middle\" data-id=\"1af415e0\" data-element_type=\"section\" id=\"top-page\" data-settings='{\"background_background\":\"classic\"}'>\n\t\t\t\t\t\t<div class=\"elementor-container elementor-column-gap-no\">\n\t\t\t\t\t\t\t<div class=\"elementor-row\">\n\t\t\t\t\t<div class=\"elementor-column elementor-col-100 elementor-top-column elementor-element elementor-element-797d14e2\" data-id=\"797d14e2\" data-element_type=\"column\">\n\t\t\t<div class=\"elementor-column-wrap elementor-element-populated\">\n\t\t\t\t\t\t\t<div class=\"elementor-widget-wrap\">\n\t\t\t\t\t\t<div class=\"elementor-element elementor-element-825110b elementor-widget elementor-widget-heading\" data-id=\"825110b\" data-element_type=\"widget\" data-widget_type=\"heading.default\">\n\t\t\t\t<div class=\"elementor-widget-container\">\n\t\t\t<style>\/*! elementor - v3.14.0 - 26-06-2023 *\/\n.elementor-heading-title{padding:0;margin:0;line-height:1}.elementor-widget-heading .elementor-heading-title[class*=elementor-size-]>a{color:inherit;font-size:inherit;line-height:inherit}.elementor-widget-heading .elementor-heading-title.elementor-size-small{font-size:15px}.elementor-widget-heading .elementor-heading-title.elementor-size-medium{font-size:19px}.elementor-widget-heading .elementor-heading-title.elementor-size-large{font-size:29px}.elementor-widget-heading .elementor-heading-title.elementor-size-xl{font-size:39px}.elementor-widget-heading .elementor-heading-title.elementor-size-xxl{font-size:59px}<\/style><h1 class=\"elementor-heading-title elementor-size-default\"><span class=\"white minus\">wir<\/span> <span class=\"underline alt white\">beitreten<\/span><\/h1>\t\t<\/div>\n\t\t\t\t<\/div>\n\t\t\t\t\t\t<\/div>\n\t\t\t\t\t<\/div>\n\t\t<\/div>\n\t\t\t\t\t\t\t\t<\/div>\n\t\t\t\t\t<\/div>\n\t\t<\/section>\n\t\t\t\t<section class=\"elementor-section elementor-top-section elementor-element elementor-element-7000538e elementor-section-full_width recrutement elementor-section-height-default elementor-section-height-default\" data-id=\"7000538e\" data-element_type=\"section\" id=\"contact-form\" data-settings='{\"background_background\":\"classic\"}'>\n\t\t\t\t\t\t<div class=\"elementor-container elementor-column-gap-no\">\n\t\t\t\t\t\t\t<div class=\"elementor-row\">\n\t\t\t\t\t<div class=\"elementor-column elementor-col-100 elementor-top-column elementor-element elementor-element-ecf5d6d cf7\" data-id=\"ecf5d6d\" data-element_type=\"column\" data-settings='{\"background_background\":\"classic\"}'>\n\t\t\t<div class=\"elementor-column-wrap elementor-element-populated\">\n\t\t\t\t\t\t\t<div class=\"elementor-widget-wrap\">\n\t\t\t\t\t\t<div class=\"elementor-element elementor-element-8258d3 elementor-position-left elementor-view-default elementor-mobile-position-top elementor-vertical-align-top elementor-widget elementor-widget-icon-box\" data-id=\"8258d3\" data-element_type=\"widget\" data-widget_type=\"icon-box.default\">\n\t\t\t\t<div class=\"elementor-widget-container\">\n\t\t\t<link rel=\"stylesheet\" href=\"https:\/\/www.lebaraencres.com\/wp-content\/uploads\/elementor\/css\/custom-widget-icon-box.min.css?ver=1715856203\">\t\t<div class=\"elementor-icon-box-wrapper\">\n\t\t\t\t\t\t<div class=\"elementor-icon-box-icon\">\n\t\t\t\t<span class=\"elementor-icon elementor-animation-\">\n\t\t\t\t<svg xmlns=\"http:\/\/www.w3.org\/2000\/svg\" width=\"46.862\" height=\"40.731\" viewbox=\"0 0 46.862 40.731\"><path id=\"Icon\" d=\"M53.519,24.111a.91.91,0,0,0-.44.108V12.513a2.1,2.1,0,0,0-2.151-2.082H13.748a2.082,2.082,0,0,0-2.079,2.08V24.282a.994.994,0,0,0-.471-.121,2.273,2.273,0,0,0-2.27,2.27v22.65a2.083,2.083,0,0,0,2.08,2.081h42.7a2.089,2.089,0,0,0,2.08-2.031V26.379A2.275,2.275,0,0,0,53.519,24.111ZM31.235,37.644l.085.049h0l.013.008c.04.022.085.031.126.051a2.018,2.018,0,0,0,1.968-.054l3.652-2.076c.015.016.021.036.037.05L52,49.162H13.178L27.946,35.784ZM53.681,26.169a.327.327,0,0,1,.108.262V48.083L38.9,34.588l13.119-7.456c.037-.021.065-.052.1-.075ZM13.669,12.511a.079.079,0,0,1,.079-.08l37.25,0a.081.081,0,0,1,.081.082l-.045,12.858L32.32,35.961l-.029-.016L13.669,25.321ZM11.034,26.217l15.078,8.53L10.928,48.5V26.431A.271.271,0,0,1,11.034,26.217Z\" transform=\"translate(-8.928 -10.431)\"><\/path><\/svg>\t\t\t\t<\/span>\n\t\t\t<\/div>\n\t\t\t\t\t\t<div class=\"elementor-icon-box-content\">\n\t\t\t\t<h2 class=\"elementor-icon-box-title\">\n\t\t\t\t\t<span>\n\t\t\t\t\t\tBewerben Sie sich frei\t\t\t\t\t<\/span>\n\t\t\t\t<\/h2>\n\t\t\t\t\t\t\t<\/div>\n\t\t<\/div>\n\t\t\t\t<\/div>\n\t\t\t\t<\/div>\n\t\t\t\t<div class=\"elementor-element elementor-element-465ebd9 elementor-widget elementor-widget-text-editor\" data-id=\"465ebd9\" data-element_type=\"widget\" data-widget_type=\"text-editor.default\">\n\t\t\t\t<div class=\"elementor-widget-container\">\n\t\t\t<style>\/*! elementor - v3.14.0 - 26-06-2023 *\/\n.elementor-widget-text-editor.elementor-drop-cap-view-stacked .elementor-drop-cap{background-color:#69727d;color:#fff}.elementor-widget-text-editor.elementor-drop-cap-view-framed .elementor-drop-cap{color:#69727d;border:3px solid;background-color:transparent}.elementor-widget-text-editor:not(.elementor-drop-cap-view-default) .elementor-drop-cap{margin-top:8px}.elementor-widget-text-editor:not(.elementor-drop-cap-view-default) .elementor-drop-cap-letter{width:1em;height:1em}.elementor-widget-text-editor .elementor-drop-cap{float:left;text-align:center;line-height:1;font-size:50px}.elementor-widget-text-editor .elementor-drop-cap-letter{display:inline-block}<\/style>\t\t\t\t\t<div class=\"elementor-text-editor elementor-clearfix\">\n\t\t\t\t<p>Senden Sie Ihren Lebenslauf \u00fcber dieses Formular :<\/p>\t\t\t\t\t<\/div>\n\t\t\t\t\t\t<\/div>\n\t\t\t\t<\/div>\n\t\t\t\t<div class=\"elementor-element elementor-element-2f710939 elementor-invisible elementor-widget elementor-widget-html\" data-id=\"2f710939\" data-element_type=\"widget\" data-settings='{\"_animation\":\"fadeInRight\"}' data-widget_type=\"html.default\">\n\t\t\t\t<div class=\"elementor-widget-container\">\n\t\t\t\n<div class=\"wpcf7 no-js\" id=\"wpcf7-f6111-o1\" lang=\"fr-FR\" dir=\"ltr\" data-wpcf7-id=\"6111\">\n<div class=\"screen-reader-response\"><p role=\"status\" aria-live=\"polite\" aria-atomic=\"true\"><\/p> <ul><\/ul><\/div>\n<form action=\"\/de\/wp-json\/wp\/v2\/pages\/4188#wpcf7-f6111-o1\" method=\"post\" class=\"wpcf7-form init\" aria-label=\"Formulaire de contact\" novalidate=\"novalidate\" data-status=\"init\" data-trp-original-action=\"\/de\/wp-json\/wp\/v2\/pages\/4188#wpcf7-f6111-o1\">\n<div style=\"display: none;\">\n<input type=\"hidden\" name=\"_wpcf7\" value=\"6111\">\n<input type=\"hidden\" name=\"_wpcf7_version\" value=\"6.0.3\">\n<input type=\"hidden\" name=\"_wpcf7_locale\" value=\"fr_FR\">\n<input type=\"hidden\" name=\"_wpcf7_unit_tag\" value=\"wpcf7-f6111-o1\">\n<input type=\"hidden\" name=\"_wpcf7_container_post\" value=\"0\">\n<input type=\"hidden\" name=\"_wpcf7_posted_data_hash\" value=\"\">\n<\/div>\n<div class=\"rangee\"><div class=\"left\"><label>Name<\/label><span class=\"wpcf7-form-control-wrap\" data-name=\"nom\"><input size=\"40\" maxlength=\"400\" class=\"wpcf7-form-control wpcf7-text wpcf7-validates-as-required\" aria-required=\"true\" aria-invalid=\"false\" placeholder=\"Wie ist Ihr Name?\" value=\"\" type=\"text\" name=\"nom\"><\/span><\/div><div class=\"left\"><label>Pr&eacute;nom<\/label><span class=\"wpcf7-form-control-wrap\" data-name=\"prenom\"><input size=\"40\" maxlength=\"400\" class=\"wpcf7-form-control wpcf7-text wpcf7-validates-as-required\" aria-required=\"true\" aria-invalid=\"false\" placeholder=\"Wie lautet Ihr Vorname?\" value=\"\" type=\"text\" name=\"prenom\"><\/span><\/div><\/div>\n<div class=\"rangee\"><div class=\"left\"><label>T&eacute;l&eacute;phone<\/label><span class=\"wpcf7-form-control-wrap\" data-name=\"telephone\"><input size=\"40\" maxlength=\"400\" class=\"wpcf7-form-control wpcf7-tel wpcf7-validates-as-required wpcf7-text wpcf7-validates-as-tel\" aria-required=\"true\" aria-invalid=\"false\" placeholder=\"Ihre Telefonnummer?\" value=\"\" type=\"tel\" name=\"telephone\"><\/span><\/div><div class=\"left\"><label>E-Mail<\/label><span class=\"wpcf7-form-control-wrap\" data-name=\"email\"><input size=\"40\" maxlength=\"400\" class=\"wpcf7-form-control wpcf7-email wpcf7-validates-as-required wpcf7-text wpcf7-validates-as-email\" aria-required=\"true\" aria-invalid=\"false\" placeholder=\"votreadresse@email.com\" value=\"\" type=\"email\" name=\"email\"><\/span><\/div><\/div>\n<div class=\"rangee\"><div class=\"full\"><label>CV\/LM<\/label><span class=\"wpcf7-form-control-wrap\" data-name=\"vosfichiers\"><input size=\"40\" class=\"wpcf7-form-control wpcf7-drag-n-drop-file d-none\" aria-required=\"true\" aria-invalid=\"false\" type=\"file\" multiple data-name=\"vosfichiers\" data-min=\"2\" data-max=\"100\" data-id=\"6111\" data-version=\"free version 1.3.8.5\" accept=\".\"><\/span><\/div><\/div>\n<div class=\"rangee\"><div class=\"full\"><label>Nachricht<\/label><span class=\"wpcf7-form-control-wrap\" data-name=\"message\"><textarea cols=\"40\" rows=\"10\" maxlength=\"2000\" class=\"wpcf7-form-control wpcf7-textarea wpcf7-validates-as-required\" aria-required=\"true\" aria-invalid=\"false\" placeholder=\"Bitte pr\u00e4zisieren Sie Ihr Interesse an der Tintenbar?\" name=\"message\"><\/textarea><\/span><\/div><\/div>\n<div class=\"rangee\"><div class=\"left security\">[f12_captcha f12_captcha-159 class:maths captcha:image]<\/div><\/div>\n<div class=\"rangee\"><div class=\"left security\">[f12_captcha f12_captcha-159 class:hole captcha:honey]<\/div><\/div>\n<div class=\"rangee\"><div class=\"right\"><input class=\"wpcf7-form-control wpcf7-submit has-spinner\" type=\"submit\" value=\"senden\"><\/div><\/div><div class=\"wpcf7-response-output\" aria-hidden=\"true\"><\/div>\n<input type=\"hidden\" name=\"trp-form-language\" value=\"de\"\/><\/form>\n<\/div>\n\t\t<\/div>\n\t\t\t\t<\/div>\n\t\t\t\t\t\t<\/div>\n\t\t\t\t\t<\/div>\n\t\t<\/div>\n\t\t\t\t\t\t\t\t<\/div>\n\t\t\t\t\t<\/div>\n\t\t<\/section>\n\t\t\t\t<section class=\"elementor-section elementor-top-section elementor-element elementor-element-53f028d6 elementor-section-full_width elementor-section-content-bottom elementor-section-height-default elementor-section-height-default elementor-invisible\" data-id=\"53f028d6\" data-element_type=\"section\" id=\"page-bottom\" data-settings='{\"background_background\":\"classic\",\"animation\":\"fadeInUp\"}'>\n\t\t\t\t\t\t<div class=\"elementor-container elementor-column-gap-no\">\n\t\t\t\t\t\t\t<div class=\"elementor-row\">\n\t\t\t\t\t<div class=\"elementor-column elementor-col-100 elementor-top-column elementor-element elementor-element-4ac7f6eb\" data-id=\"4ac7f6eb\" data-element_type=\"column\">\n\t\t\t<div class=\"elementor-column-wrap elementor-element-populated\">\n\t\t\t\t\t\t\t<div class=\"elementor-widget-wrap\">\n\t\t\t\t\t\t<section class=\"elementor-section elementor-inner-section elementor-element elementor-element-6f98864c elementor-section-full_width elementor-section-content-bottom elementor-section-height-default elementor-section-height-default\" data-id=\"6f98864c\" data-element_type=\"section\">\n\t\t\t\t\t\t<div class=\"elementor-container elementor-column-gap-no\">\n\t\t\t\t\t\t\t<div class=\"elementor-row\">\n\t\t\t\t\t<div class=\"elementor-column elementor-col-50 elementor-inner-column elementor-element elementor-element-1b6eddc9\" data-id=\"1b6eddc9\" data-element_type=\"column\">\n\t\t\t<div class=\"elementor-column-wrap\">\n\t\t\t\t\t\t\t<div class=\"elementor-widget-wrap\">\n\t\t\t\t\t\t\t\t<\/div>\n\t\t\t\t\t<\/div>\n\t\t<\/div>\n\t\t\t\t<div class=\"elementor-column elementor-col-50 elementor-inner-column elementor-element elementor-element-3185e8cd\" data-id=\"3185e8cd\" data-element_type=\"column\">\n\t\t\t<div class=\"elementor-column-wrap elementor-element-populated\">\n\t\t\t\t\t\t\t<div class=\"elementor-widget-wrap\">\n\t\t\t\t\t\t<div class=\"elementor-element elementor-element-1c3401e8 elementor-position-right elementor-view-default elementor-mobile-position-top elementor-vertical-align-top elementor-widget elementor-widget-icon-box\" data-id=\"1c3401e8\" data-element_type=\"widget\" data-widget_type=\"icon-box.default\">\n\t\t\t\t<div class=\"elementor-widget-container\">\n\t\t\t\t\t<div class=\"elementor-icon-box-wrapper\">\n\t\t\t\t\t\t<div class=\"elementor-icon-box-icon\">\n\t\t\t\t<span class=\"elementor-icon elementor-animation-\">\n\t\t\t\t<svg xmlns=\"http:\/\/www.w3.org\/2000\/svg\" width=\"39.5\" height=\"58.748\" viewbox=\"0 0 39.5 58.748\"><path id=\"pinpoint\" d=\"M128.087,98.517c1.259,2.269,2.6,4.539,3.854,6.748a72.783,72.783,0,0,1,3.667,7.125,17.443,17.443,0,0,1,1.575,5.858c.009.128.009.254.009.379a12.1,12.1,0,0,1-11.358,12.079q-.264.021-.531.021h-.525c-.148,0-.294-.012-.44-.02a12.086,12.086,0,0,1-11.325-11.158c-.023-.306-.034-.614-.034-.926a16.556,16.556,0,0,1,1.585-6.238,71.641,71.641,0,0,1,3.639-7.075c1.269-2.233,2.626-4.533,3.9-6.831-9.529,1.477-16.875,10.137-16.875,20.6,0,11,17.77,36.44,18.52,37.51a1.51,1.51,0,0,0,2.1.354,1.549,1.549,0,0,0,.355-.354c.77-1.07,18.52-26.47,18.52-37.51C144.728,108.7,137.5,100.1,128.087,98.517Z\" transform=\"translate(-105.228 -98.479)\"><\/path><\/svg>\t\t\t\t<\/span>\n\t\t\t<\/div>\n\t\t\t\t\t\t<div class=\"elementor-icon-box-content\">\n\t\t\t\t<h3 class=\"elementor-icon-box-title\">\n\t\t\t\t\t<span>\n\t\t\t\t\t\tOder per Post hier :\t\t\t\t\t<\/span>\n\t\t\t\t<\/h3>\n\t\t\t\t\t\t\t\t\t<p class=\"elementor-icon-box-description\">\n\t\t\t\t\t\t4 rue de la d&eacute;couverte<br>\n77700 Chanteloup en Brie<br>\nbei dir\t\t\t\t\t<\/p>\n\t\t\t\t\t\t\t<\/div>\n\t\t<\/div>\n\t\t\t\t<\/div>\n\t\t\t\t<\/div>\n\t\t\t\t\t\t<\/div>\n\t\t\t\t\t<\/div>\n\t\t<\/div>\n\t\t\t\t\t\t\t\t<\/div>\n\t\t\t\t\t<\/div>\n\t\t<\/section>\n\t\t\t\t\t\t<\/div>\n\t\t\t\t\t<\/div>\n\t\t<\/div>\n\t\t\t\t\t\t\t\t<\/div>\n\t\t\t\t\t<\/div>\n\t\t<\/section>\n\t\t\t\t\t\t\t\t\t<\/div>\n\t\t\t<\/div>\n\t\t\t\t\t<\/div>","protected":false},"excerpt":{"rendered":"<p>nous rejoindre Postulez librement Envoyez votre CV par le biais de ce formulaire : Ou par courrier ici : 4 rue de la d&eacute;couverte 77700 Chanteloup en Brie France<\/p>","protected":false},"author":1,"featured_media":0,"parent":0,"menu_order":8,"comment_status":"closed","ping_status":"closed","template":"","meta":{"_acf_changed":false,"inline_featured_image":false,"footnotes":""},"class_list":["post-4188","page","type-page","status-publish","hentry"],"acf":[],"yoast_head":"<!-- This site is optimized with the Yoast SEO plugin v24.2 - https:\/\/yoast.com\/wordpress\/plugins\/seo\/ -->\n<title>Postuler librement | Le bar \u00e0 encres<\/title>\n<meta name=\"description\" content=\"Vous souhaitez postuler chez nous ? Rien de plus simple. Remplissez le formulaire pr\u00e9sent sur cette page et nous vous r\u00e9pondons vite.\" \/>\n<meta name=\"robots\" content=\"index, follow, max-snippet:-1, max-image-preview:large, max-video-preview:-1\" \/>\n<link rel=\"canonical\" href=\"https:\/\/www.lebaraencres.com\/de\/postuler-librement\/\" \/>\n<meta property=\"og:locale\" content=\"de_DE\" \/>\n<meta property=\"og:type\" content=\"article\" \/>\n<meta property=\"og:title\" content=\"Postuler librement | Le bar \u00e0 encres\" \/>\n<meta property=\"og:description\" content=\"Vous souhaitez postuler chez nous ? Rien de plus simple. Remplissez le formulaire pr\u00e9sent sur cette page et nous vous r\u00e9pondons vite.\" \/>\n<meta property=\"og:url\" content=\"https:\/\/www.lebaraencres.com\/de\/postuler-librement\/\" \/>\n<meta property=\"og:site_name\" content=\"Bar \u00e0 encre\" \/>\n<meta property=\"article:modified_time\" content=\"2022-10-18T16:40:34+00:00\" \/>\n<meta property=\"og:image\" content=\"https:\/\/www.lebaraencres.com\/wp-content\/uploads\/2022\/09\/candidate-photo@2x.png\" \/>\n\t<meta property=\"og:image:width\" content=\"499\" \/>\n\t<meta property=\"og:image:height\" content=\"620\" \/>\n\t<meta property=\"og:image:type\" content=\"image\/png\" \/>\n<meta name=\"twitter:card\" content=\"summary_large_image\" \/>\n<meta name=\"twitter:title\" content=\"Postuler librement | Le bar \u00e0 encres\" \/>\n<meta name=\"twitter:description\" content=\"Vous souhaitez postuler chez nous ? Rien de plus simple. Remplissez le formulaire pr\u00e9sent sur cette page et nous vous r\u00e9pondons vite.\" \/>\n<meta name=\"twitter:image\" content=\"https:\/\/www.lebaraencres.com\/wp-content\/uploads\/2022\/09\/candidate-photo@2x.png\" \/>\n<meta name=\"twitter:label1\" content=\"Gesch\u00e4tzte Lesezeit\" \/>\n\t<meta name=\"twitter:data1\" content=\"1\u00a0Minute\" \/>\n<script type=\"application\/ld+json\" class=\"yoast-schema-graph\">{\"@context\":\"https:\/\/schema.org\",\"@graph\":[{\"@type\":\"WebPage\",\"@id\":\"https:\/\/www.lebaraencres.com\/postuler-librement\/\",\"url\":\"https:\/\/www.lebaraencres.com\/postuler-librement\/\",\"name\":\"Postuler librement | Le bar \u00e0 encres\",\"isPartOf\":{\"@id\":\"https:\/\/www.lebaraencres.com\/#website\"},\"datePublished\":\"2022-08-22T13:51:00+00:00\",\"dateModified\":\"2022-10-18T16:40:34+00:00\",\"description\":\"Vous souhaitez postuler chez nous ? Rien de plus simple. Remplissez le formulaire pr\u00e9sent sur cette page et nous vous r\u00e9pondons vite.\",\"breadcrumb\":{\"@id\":\"https:\/\/www.lebaraencres.com\/postuler-librement\/#breadcrumb\"},\"inLanguage\":\"de\",\"potentialAction\":[{\"@type\":\"ReadAction\",\"target\":[\"https:\/\/www.lebaraencres.com\/postuler-librement\/\"]}]},{\"@type\":\"BreadcrumbList\",\"@id\":\"https:\/\/www.lebaraencres.com\/postuler-librement\/#breadcrumb\",\"itemListElement\":[{\"@type\":\"ListItem\",\"position\":1,\"name\":\"Accueil\",\"item\":\"https:\/\/www.lebaraencres.com\/\"},{\"@type\":\"ListItem\",\"position\":2,\"name\":\"Candidature spontan\u00e9e\"}]},{\"@type\":\"WebSite\",\"@id\":\"https:\/\/www.lebaraencres.com\/#website\",\"url\":\"https:\/\/www.lebaraencres.com\/\",\"name\":\"Bar \u00e0 encre\",\"description\":\"by RIS\",\"publisher\":{\"@id\":\"https:\/\/www.lebaraencres.com\/#organization\"},\"potentialAction\":[{\"@type\":\"SearchAction\",\"target\":{\"@type\":\"EntryPoint\",\"urlTemplate\":\"https:\/\/www.lebaraencres.com\/?s={search_term_string}\"},\"query-input\":{\"@type\":\"PropertyValueSpecification\",\"valueRequired\":true,\"valueName\":\"search_term_string\"}}],\"inLanguage\":\"de\"},{\"@type\":\"Organization\",\"@id\":\"https:\/\/www.lebaraencres.com\/#organization\",\"name\":\"Bar \u00e0 encre\",\"url\":\"https:\/\/www.lebaraencres.com\/\",\"logo\":{\"@type\":\"ImageObject\",\"inLanguage\":\"de\",\"@id\":\"https:\/\/www.lebaraencres.com\/#\/schema\/logo\/image\/\",\"url\":\"https:\/\/www.lebaraencres.com\/wp-content\/uploads\/2022\/07\/logo-BAE.png\",\"contentUrl\":\"https:\/\/www.lebaraencres.com\/wp-content\/uploads\/2022\/07\/logo-BAE.png\",\"width\":216,\"height\":135,\"caption\":\"Bar \u00e0 encre\"},\"image\":{\"@id\":\"https:\/\/www.lebaraencres.com\/#\/schema\/logo\/image\/\"}}]}<\/script>\n<!-- \/ Yoast SEO plugin. -->","yoast_head_json":{"title":"Postuler librement | Le bar \u00e0 encres","description":"Vous souhaitez postuler chez nous ? Rien de plus simple. Remplissez le formulaire pr\u00e9sent sur cette page et nous vous r\u00e9pondons vite.","robots":{"index":"index","follow":"follow","max-snippet":"max-snippet:-1","max-image-preview":"max-image-preview:large","max-video-preview":"max-video-preview:-1"},"canonical":"https:\/\/www.lebaraencres.com\/de\/postuler-librement\/","og_locale":"de_DE","og_type":"article","og_title":"Postuler librement | Le bar \u00e0 encres","og_description":"Vous souhaitez postuler chez nous ? Rien de plus simple. Remplissez le formulaire pr\u00e9sent sur cette page et nous vous r\u00e9pondons vite.","og_url":"https:\/\/www.lebaraencres.com\/de\/postuler-librement\/","og_site_name":"Bar \u00e0 encre","article_modified_time":"2022-10-18T16:40:34+00:00","og_image":[{"width":499,"height":620,"url":"https:\/\/www.lebaraencres.com\/wp-content\/uploads\/2022\/09\/candidate-photo@2x.png","type":"image\/png"}],"twitter_card":"summary_large_image","twitter_title":"Postuler librement | Le bar \u00e0 encres","twitter_description":"Vous souhaitez postuler chez nous ? Rien de plus simple. Remplissez le formulaire pr\u00e9sent sur cette page et nous vous r\u00e9pondons vite.","twitter_image":"https:\/\/www.lebaraencres.com\/wp-content\/uploads\/2022\/09\/candidate-photo@2x.png","twitter_misc":{"Gesch\u00e4tzte Lesezeit":"1\u00a0Minute"},"schema":{"@context":"https:\/\/schema.org","@graph":[{"@type":"WebPage","@id":"https:\/\/www.lebaraencres.com\/postuler-librement\/","url":"https:\/\/www.lebaraencres.com\/postuler-librement\/","name":"Postuler librement | Le bar \u00e0 encres","isPartOf":{"@id":"https:\/\/www.lebaraencres.com\/#website"},"datePublished":"2022-08-22T13:51:00+00:00","dateModified":"2022-10-18T16:40:34+00:00","description":"Vous souhaitez postuler chez nous ? Rien de plus simple. Remplissez le formulaire pr\u00e9sent sur cette page et nous vous r\u00e9pondons vite.","breadcrumb":{"@id":"https:\/\/www.lebaraencres.com\/postuler-librement\/#breadcrumb"},"inLanguage":"de","potentialAction":[{"@type":"ReadAction","target":["https:\/\/www.lebaraencres.com\/postuler-librement\/"]}]},{"@type":"BreadcrumbList","@id":"https:\/\/www.lebaraencres.com\/postuler-librement\/#breadcrumb","itemListElement":[{"@type":"ListItem","position":1,"name":"Accueil","item":"https:\/\/www.lebaraencres.com\/"},{"@type":"ListItem","position":2,"name":"Candidature spontan\u00e9e"}]},{"@type":"WebSite","@id":"https:\/\/www.lebaraencres.com\/#website","url":"https:\/\/www.lebaraencres.com\/","name":"Bar \u00e0 encre","description":"by RIS","publisher":{"@id":"https:\/\/www.lebaraencres.com\/#organization"},"potentialAction":[{"@type":"SearchAction","target":{"@type":"EntryPoint","urlTemplate":"https:\/\/www.lebaraencres.com\/?s={search_term_string}"},"query-input":{"@type":"PropertyValueSpecification","valueRequired":true,"valueName":"search_term_string"}}],"inLanguage":"de"},{"@type":"Organization","@id":"https:\/\/www.lebaraencres.com\/#organization","name":"Bar \u00e0 encre","url":"https:\/\/www.lebaraencres.com\/","logo":{"@type":"ImageObject","inLanguage":"de","@id":"https:\/\/www.lebaraencres.com\/#\/schema\/logo\/image\/","url":"https:\/\/www.lebaraencres.com\/wp-content\/uploads\/2022\/07\/logo-BAE.png","contentUrl":"https:\/\/www.lebaraencres.com\/wp-content\/uploads\/2022\/07\/logo-BAE.png","width":216,"height":135,"caption":"Bar \u00e0 encre"},"image":{"@id":"https:\/\/www.lebaraencres.com\/#\/schema\/logo\/image\/"}}]}},"_links":{"self":[{"href":"https:\/\/www.lebaraencres.com\/de\/wp-json\/wp\/v2\/pages\/4188","targetHints":{"allow":["GET"]}}],"collection":[{"href":"https:\/\/www.lebaraencres.com\/de\/wp-json\/wp\/v2\/pages"}],"about":[{"href":"https:\/\/www.lebaraencres.com\/de\/wp-json\/wp\/v2\/types\/page"}],"author":[{"embeddable":true,"href":"https:\/\/www.lebaraencres.com\/de\/wp-json\/wp\/v2\/users\/1"}],"replies":[{"embeddable":true,"href":"https:\/\/www.lebaraencres.com\/de\/wp-json\/wp\/v2\/comments?post=4188"}],"version-history":[{"count":38,"href":"https:\/\/www.lebaraencres.com\/de\/wp-json\/wp\/v2\/pages\/4188\/revisions"}],"predecessor-version":[{"id":11060,"href":"https:\/\/www.lebaraencres.com\/de\/wp-json\/wp\/v2\/pages\/4188\/revisions\/11060"}],"wp:attachment":[{"href":"https:\/\/www.lebaraencres.com\/de\/wp-json\/wp\/v2\/media?parent=4188"}],"curies":[{"name":"wp","href":"https:\/\/api.w.org\/{rel}","templated":true}]}}