{"id":4023,"date":"2022-08-19T10:52:23","date_gmt":"2022-08-19T08:52:23","guid":{"rendered":"https:\/\/www.lebaraencres.com\/?page_id=4023"},"modified":"2024-06-27T11:51:40","modified_gmt":"2024-06-27T09:51:40","slug":"mentions-legales","status":"publish","type":"page","link":"https:\/\/www.lebaraencres.com\/de\/mentions-legales\/","title":{"rendered":"<p>Mentions l&eacute;gales<\/p>"},"content":{"rendered":"<div data-elementor-type=\"wp-page\" data-elementor-id=\"4023\" class=\"elementor elementor-4023\" data-elementor-post-type=\"page\">\n\t\t\t\t\t\t<div class=\"elementor-inner\">\n\t\t\t\t<div class=\"elementor-section-wrap\">\n\t\t\t\t\t\t\t\t\t<section class=\"elementor-section elementor-top-section elementor-element elementor-element-3bac5fd elementor-section-full_width elementor-section-height-min-height elementor-section-content-middle elementor-section-height-default elementor-section-items-middle\" data-id=\"3bac5fd\" data-element_type=\"section\" id=\"top-page\" data-settings='{\"background_background\":\"classic\"}'>\n\t\t\t\t\t\t<div class=\"elementor-container elementor-column-gap-no\">\n\t\t\t\t\t\t\t<div class=\"elementor-row\">\n\t\t\t\t\t<div class=\"elementor-column elementor-col-100 elementor-top-column elementor-element elementor-element-7278f993\" data-id=\"7278f993\" data-element_type=\"column\">\n\t\t\t<div class=\"elementor-column-wrap elementor-element-populated\">\n\t\t\t\t\t\t\t<div class=\"elementor-widget-wrap\">\n\t\t\t\t\t\t<div class=\"elementor-element elementor-element-3d83c90 elementor-widget elementor-widget-heading\" data-id=\"3d83c90\" data-element_type=\"widget\" data-widget_type=\"heading.default\">\n\t\t\t\t<div class=\"elementor-widget-container\">\n\t\t\t<style>\/*! elementor - v3.14.0 - 26-06-2023 *\/\n.elementor-heading-title{padding:0;margin:0;line-height:1}.elementor-widget-heading .elementor-heading-title[class*=elementor-size-]>a{color:inherit;font-size:inherit;line-height:inherit}.elementor-widget-heading .elementor-heading-title.elementor-size-small{font-size:15px}.elementor-widget-heading .elementor-heading-title.elementor-size-medium{font-size:19px}.elementor-widget-heading .elementor-heading-title.elementor-size-large{font-size:29px}.elementor-widget-heading .elementor-heading-title.elementor-size-xl{font-size:39px}.elementor-widget-heading .elementor-heading-title.elementor-size-xxl{font-size:59px}<\/style><h1 class=\"elementor-heading-title elementor-size-default\"><span class=\"underline alt white\"><span class=\"minus white\">Erw\u00e4hnungen<\/span> l&eacute;gales<\/span><\/h1>\t\t<\/div>\n\t\t\t\t<\/div>\n\t\t\t\t\t\t<\/div>\n\t\t\t\t\t<\/div>\n\t\t<\/div>\n\t\t\t\t\t\t\t\t<\/div>\n\t\t\t\t\t<\/div>\n\t\t<\/section>\n\t\t\t\t<section class=\"elementor-section elementor-top-section elementor-element elementor-element-70485cf4 elementor-section-full_width elementor-section-height-default elementor-section-height-default\" data-id=\"70485cf4\" data-element_type=\"section\" id=\"normal-text\" data-settings='{\"background_background\":\"classic\"}'>\n\t\t\t\t\t\t<div class=\"elementor-container elementor-column-gap-no\">\n\t\t\t\t\t\t\t<div class=\"elementor-row\">\n\t\t\t\t\t<div class=\"elementor-column elementor-col-100 elementor-top-column elementor-element elementor-element-2f38a8b8\" data-id=\"2f38a8b8\" data-element_type=\"column\">\n\t\t\t<div class=\"elementor-column-wrap elementor-element-populated\">\n\t\t\t\t\t\t\t<div class=\"elementor-widget-wrap\">\n\t\t\t\t\t\t<section class=\"elementor-section elementor-inner-section elementor-element elementor-element-9ceee15 elementor-section-boxed elementor-section-height-default elementor-section-height-default\" data-id=\"9ceee15\" data-element_type=\"section\">\n\t\t\t\t\t\t<div class=\"elementor-container elementor-column-gap-default\">\n\t\t\t\t\t\t\t<div class=\"elementor-row\">\n\t\t\t\t\t<div class=\"elementor-column elementor-col-50 elementor-inner-column elementor-element elementor-element-8ce2772\" data-id=\"8ce2772\" data-element_type=\"column\">\n\t\t\t<div class=\"elementor-column-wrap elementor-element-populated\">\n\t\t\t\t\t\t\t<div class=\"elementor-widget-wrap\">\n\t\t\t\t\t\t<div class=\"elementor-element elementor-element-39e99de4 elementor-widget elementor-widget-heading\" data-id=\"39e99de4\" data-element_type=\"widget\" data-widget_type=\"heading.default\">\n\t\t\t\t<div class=\"elementor-widget-container\">\n\t\t\t<h2 class=\"elementor-heading-title elementor-size-default\">Wer sind wir?<\/h2>\t\t<\/div>\n\t\t\t\t<\/div>\n\t\t\t\t<div class=\"elementor-element elementor-element-267ebfd1 haut elementor-widget-divider--view-line elementor-widget elementor-widget-divider\" data-id=\"267ebfd1\" data-element_type=\"widget\" id=\"traits-coupe\" data-widget_type=\"divider.default\">\n\t\t\t\t<div class=\"elementor-widget-container\">\n\t\t\t<style>\/*! elementor - v3.14.0 - 26-06-2023 *\/\n.elementor-widget-divider{--divider-border-style:none;--divider-border-width:1px;--divider-color:#0c0d0e;--divider-icon-size:20px;--divider-element-spacing:10px;--divider-pattern-height:24px;--divider-pattern-size:20px;--divider-pattern-url:none;--divider-pattern-repeat:repeat-x}.elementor-widget-divider .elementor-divider{display:flex}.elementor-widget-divider .elementor-divider__text{font-size:15px;line-height:1;max-width:95%}.elementor-widget-divider .elementor-divider__element{margin:0 var(--divider-element-spacing);flex-shrink:0}.elementor-widget-divider .elementor-icon{font-size:var(--divider-icon-size)}.elementor-widget-divider .elementor-divider-separator{display:flex;margin:0;direction:ltr}.elementor-widget-divider--view-line_icon .elementor-divider-separator,.elementor-widget-divider--view-line_text .elementor-divider-separator{align-items:center}.elementor-widget-divider--view-line_icon .elementor-divider-separator:after,.elementor-widget-divider--view-line_icon .elementor-divider-separator:before,.elementor-widget-divider--view-line_text .elementor-divider-separator:after,.elementor-widget-divider--view-line_text .elementor-divider-separator:before{display:block;content:\"\";border-bottom:0;flex-grow:1;border-top:var(--divider-border-width) var(--divider-border-style) var(--divider-color)}.elementor-widget-divider--element-align-left .elementor-divider .elementor-divider-separator>.elementor-divider__svg:first-of-type{flex-grow:0;flex-shrink:100}.elementor-widget-divider--element-align-left .elementor-divider-separator:before{content:none}.elementor-widget-divider--element-align-left .elementor-divider__element{margin-left:0}.elementor-widget-divider--element-align-right .elementor-divider .elementor-divider-separator>.elementor-divider__svg:last-of-type{flex-grow:0;flex-shrink:100}.elementor-widget-divider--element-align-right .elementor-divider-separator:after{content:none}.elementor-widget-divider--element-align-right .elementor-divider__element{margin-right:0}.elementor-widget-divider:not(.elementor-widget-divider--view-line_text):not(.elementor-widget-divider--view-line_icon) .elementor-divider-separator{border-top:var(--divider-border-width) var(--divider-border-style) var(--divider-color)}.elementor-widget-divider--separator-type-pattern{--divider-border-style:none}.elementor-widget-divider--separator-type-pattern.elementor-widget-divider--view-line .elementor-divider-separator,.elementor-widget-divider--separator-type-pattern:not(.elementor-widget-divider--view-line) .elementor-divider-separator:after,.elementor-widget-divider--separator-type-pattern:not(.elementor-widget-divider--view-line) .elementor-divider-separator:before,.elementor-widget-divider--separator-type-pattern:not([class*=elementor-widget-divider--view]) .elementor-divider-separator{width:100%;min-height:var(--divider-pattern-height);-webkit-mask-size:var(--divider-pattern-size) 100%;mask-size:var(--divider-pattern-size) 100%;-webkit-mask-repeat:var(--divider-pattern-repeat);mask-repeat:var(--divider-pattern-repeat);background-color:var(--divider-color);-webkit-mask-image:var(--divider-pattern-url);mask-image:var(--divider-pattern-url)}.elementor-widget-divider--no-spacing{--divider-pattern-size:auto}.elementor-widget-divider--bg-round{--divider-pattern-repeat:round}.rtl .elementor-widget-divider .elementor-divider__text{direction:rtl}.e-con-inner>.elementor-widget-divider,.e-con>.elementor-widget-divider{width:var(--container-widget-width,100%);--flex-grow:var(--container-widget-flex-grow)}<\/style>\t\t<div class=\"elementor-divider\">\n\t\t\t<span class=\"elementor-divider-separator\">\n\t\t\t\t\t\t<\/span>\n\t\t<\/div>\n\t\t\t\t<\/div>\n\t\t\t\t<\/div>\n\t\t\t\t<div class=\"elementor-element elementor-element-651c1bf3 elementor-widget elementor-widget-text-editor\" data-id=\"651c1bf3\" data-element_type=\"widget\" data-widget_type=\"text-editor.default\">\n\t\t\t\t<div class=\"elementor-widget-container\">\n\t\t\t<style>\/*! elementor - v3.14.0 - 26-06-2023 *\/\n.elementor-widget-text-editor.elementor-drop-cap-view-stacked .elementor-drop-cap{background-color:#69727d;color:#fff}.elementor-widget-text-editor.elementor-drop-cap-view-framed .elementor-drop-cap{color:#69727d;border:3px solid;background-color:transparent}.elementor-widget-text-editor:not(.elementor-drop-cap-view-default) .elementor-drop-cap{margin-top:8px}.elementor-widget-text-editor:not(.elementor-drop-cap-view-default) .elementor-drop-cap-letter{width:1em;height:1em}.elementor-widget-text-editor .elementor-drop-cap{float:left;text-align:center;line-height:1;font-size:50px}.elementor-widget-text-editor .elementor-drop-cap-letter{display:inline-block}<\/style>\t\t\t\t\t<div class=\"elementor-text-editor elementor-clearfix\">\n\t\t\t\t<p><strong>Retail Inkjet Solutions :<\/strong><br>SIRET: 82748713300015<br>SIREN: 827487133<br>RCS : <span>Paris B 827&nbsp;487&nbsp;133<\/span><\/p>\n<p><strong>Editeurs et propri&eacute;taires du site :<\/strong><br>Ludovic Antony &amp; Robert Balchin<\/p>\n<p><strong>Verantwortlich f\u00fcr die Ver\u00f6ffentlichung :<\/strong><br>Laurence Cauwelaere<\/p>\n<p><strong>Si&egrave;ge social situ&eacute; au :<\/strong><br>4 rue de la d&eacute;couverte, <br>77600 Chanteloup en Brie,<br>bei dir<\/p>\n<p><strong>Donn&eacute;es personnelles :<\/strong><br>Sie k\u00f6nnen unsere <a href=\"https:\/\/www.lebaraencres.com\/de\/rgpd\/\"><strong>politique des donn&eacute;es personnelles<\/strong><\/a> auf dieser Seite.<\/p>\t\t\t\t\t<\/div>\n\t\t\t\t\t\t<\/div>\n\t\t\t\t<\/div>\n\t\t\t\t<div class=\"elementor-element elementor-element-6f59755f bas elementor-widget-divider--view-line elementor-widget elementor-widget-divider\" data-id=\"6f59755f\" data-element_type=\"widget\" id=\"traits-coupe\" data-widget_type=\"divider.default\">\n\t\t\t\t<div class=\"elementor-widget-container\">\n\t\t\t\t\t<div class=\"elementor-divider\">\n\t\t\t<span class=\"elementor-divider-separator\">\n\t\t\t\t\t\t<\/span>\n\t\t<\/div>\n\t\t\t\t<\/div>\n\t\t\t\t<\/div>\n\t\t\t\t\t\t<\/div>\n\t\t\t\t\t<\/div>\n\t\t<\/div>\n\t\t\t\t<div class=\"elementor-column elementor-col-50 elementor-inner-column elementor-element elementor-element-82b4868\" data-id=\"82b4868\" data-element_type=\"column\">\n\t\t\t<div class=\"elementor-column-wrap elementor-element-populated\">\n\t\t\t\t\t\t\t<div class=\"elementor-widget-wrap\">\n\t\t\t\t\t\t<div class=\"elementor-element elementor-element-6e400b45 elementor-widget elementor-widget-heading\" data-id=\"6e400b45\" data-element_type=\"widget\" data-widget_type=\"heading.default\">\n\t\t\t\t<div class=\"elementor-widget-container\">\n\t\t\t<h2 class=\"elementor-heading-title elementor-size-default\">Technische Infos<\/h2>\t\t<\/div>\n\t\t\t\t<\/div>\n\t\t\t\t<div class=\"elementor-element elementor-element-25651fab haut elementor-widget-divider--view-line elementor-widget elementor-widget-divider\" data-id=\"25651fab\" data-element_type=\"widget\" id=\"traits-coupe\" data-widget_type=\"divider.default\">\n\t\t\t\t<div class=\"elementor-widget-container\">\n\t\t\t\t\t<div class=\"elementor-divider\">\n\t\t\t<span class=\"elementor-divider-separator\">\n\t\t\t\t\t\t<\/span>\n\t\t<\/div>\n\t\t\t\t<\/div>\n\t\t\t\t<\/div>\n\t\t\t\t<div class=\"elementor-element elementor-element-440ebd7 elementor-widget elementor-widget-text-editor\" data-id=\"440ebd7\" data-element_type=\"widget\" data-widget_type=\"text-editor.default\">\n\t\t\t\t<div class=\"elementor-widget-container\">\n\t\t\t\t\t\t\t\t<div class=\"elementor-text-editor elementor-clearfix\">\n\t\t\t\t<p><strong>H&eacute;bergement :<\/strong><br>Le site est h&eacute;berg&eacute; chez &ldquo;SoYouStart&rdquo; et infog&eacute;r&eacute; par KATANA<br><span>2, rue Kellermann,<br>59100 Roubaix<\/span><\/p><p><strong>Gestaltung :<\/strong><br>Le site a &eacute;t&eacute; con&ccedil;u par l&rsquo;EIRL <a href=\"https:\/\/www.katana-consulting.fr\" target=\"_blank\" rel=\"noopener\"><strong>KATANA Consulting<\/strong><\/a>,<br>35 Avenue Michel Rondet,<br>B&acirc;timent &ldquo;A&rdquo; Entreprises<br>Arenberg Creative Mine<br>59135 Wallers<\/p><p>Design, int&eacute;gration &amp; d&eacute;veloppement : <a href=\"https:\/\/www.linkedin.com\/in\/arnaud-b-a6145775\/\" target=\"_blank\" rel=\"noopener\">Arnaud Bertin<\/a><\/p><p><strong>Version :<\/strong><br>Derni&egrave;re mise en jour du site : 01\/10\/2022<\/p>\t\t\t\t\t<\/div>\n\t\t\t\t\t\t<\/div>\n\t\t\t\t<\/div>\n\t\t\t\t<div class=\"elementor-element elementor-element-19a9bf83 bas elementor-widget-divider--view-line elementor-widget elementor-widget-divider\" data-id=\"19a9bf83\" data-element_type=\"widget\" id=\"traits-coupe\" data-widget_type=\"divider.default\">\n\t\t\t\t<div class=\"elementor-widget-container\">\n\t\t\t\t\t<div class=\"elementor-divider\">\n\t\t\t<span class=\"elementor-divider-separator\">\n\t\t\t\t\t\t<\/span>\n\t\t<\/div>\n\t\t\t\t<\/div>\n\t\t\t\t<\/div>\n\t\t\t\t\t\t<\/div>\n\t\t\t\t\t<\/div>\n\t\t<\/div>\n\t\t\t\t\t\t\t\t<\/div>\n\t\t\t\t\t<\/div>\n\t\t<\/section>\n\t\t\t\t\t\t<\/div>\n\t\t\t\t\t<\/div>\n\t\t<\/div>\n\t\t\t\t\t\t\t\t<\/div>\n\t\t\t\t\t<\/div>\n\t\t<\/section>\n\t\t\t\t\t\t\t\t\t<\/div>\n\t\t\t<\/div>\n\t\t\t\t\t<\/div>","protected":false},"excerpt":{"rendered":"<p>mentions l&eacute;gales Qui sommes-nous ? Retail Inkjet Solutions :SIRET : 82748713300015SIREN : 827487133RCS : Paris B 827&nbsp;487&nbsp;133 Editeurs et propri&eacute;taires du site :Ludovic Antony &amp; Robert Balchin Responsable de la publication :Laurence Cauwelaere Si&egrave;ge social situ&eacute; au :4 rue de la d&eacute;couverte, 77600 Chanteloup en Brie,France Donn&eacute;es personnelles :Vous pouvez consulter notre politique des donn&eacute;es [&hellip;]<\/p>","protected":false},"author":1,"featured_media":0,"parent":0,"menu_order":9,"comment_status":"closed","ping_status":"closed","template":"","meta":{"_acf_changed":false,"inline_featured_image":false,"footnotes":""},"class_list":["post-4023","page","type-page","status-publish","hentry"],"acf":[],"yoast_head":"<!-- This site is optimized with the Yoast SEO plugin v24.2 - https:\/\/yoast.com\/wordpress\/plugins\/seo\/ -->\n<title>Mentions l\u00e9gales | Le bar \u00e0 encre<\/title>\n<meta name=\"description\" content=\"Voici nos mentions l\u00e9gales.\" \/>\n<meta name=\"robots\" content=\"index, follow, max-snippet:-1, max-image-preview:large, max-video-preview:-1\" \/>\n<link rel=\"canonical\" href=\"https:\/\/www.lebaraencres.com\/de\/mentions-legales\/\" \/>\n<meta property=\"og:locale\" content=\"de_DE\" \/>\n<meta property=\"og:type\" content=\"article\" \/>\n<meta property=\"og:title\" content=\"Mentions l\u00e9gales | Le bar \u00e0 encres\" \/>\n<meta property=\"og:description\" content=\"Nos mentions l\u00e9gales\" \/>\n<meta property=\"og:url\" content=\"https:\/\/www.lebaraencres.com\/de\/mentions-legales\/\" \/>\n<meta property=\"og:site_name\" content=\"Bar \u00e0 encre\" \/>\n<meta property=\"article:modified_time\" content=\"2024-06-27T09:51:40+00:00\" \/>\n<meta property=\"og:image\" content=\"https:\/\/www.lebaraencres.com\/wp-content\/uploads\/2022\/09\/picture-top@2x.png\" \/>\n\t<meta property=\"og:image:width\" content=\"568\" \/>\n\t<meta property=\"og:image:height\" content=\"621\" \/>\n\t<meta property=\"og:image:type\" content=\"image\/png\" \/>\n<meta name=\"twitter:card\" content=\"summary_large_image\" \/>\n<meta name=\"twitter:title\" content=\"Mentions l\u00e9gales | Le bar \u00e0 encres\" \/>\n<meta name=\"twitter:description\" content=\"Voici nos mentions l\u00e9gales\" \/>\n<meta name=\"twitter:image\" content=\"https:\/\/www.lebaraencres.com\/wp-content\/uploads\/2022\/09\/picture-top@2x.png\" \/>\n<meta name=\"twitter:label1\" content=\"Gesch\u00e4tzte Lesezeit\" \/>\n\t<meta name=\"twitter:data1\" content=\"1\u00a0Minute\" \/>\n<script type=\"application\/ld+json\" class=\"yoast-schema-graph\">{\"@context\":\"https:\/\/schema.org\",\"@graph\":[{\"@type\":\"WebPage\",\"@id\":\"https:\/\/www.lebaraencres.com\/mentions-legales\/\",\"url\":\"https:\/\/www.lebaraencres.com\/mentions-legales\/\",\"name\":\"Mentions l\u00e9gales | Le bar \u00e0 encre\",\"isPartOf\":{\"@id\":\"https:\/\/www.lebaraencres.com\/#website\"},\"datePublished\":\"2022-08-19T08:52:23+00:00\",\"dateModified\":\"2024-06-27T09:51:40+00:00\",\"description\":\"Voici nos mentions l\u00e9gales.\",\"breadcrumb\":{\"@id\":\"https:\/\/www.lebaraencres.com\/mentions-legales\/#breadcrumb\"},\"inLanguage\":\"de\",\"potentialAction\":[{\"@type\":\"ReadAction\",\"target\":[\"https:\/\/www.lebaraencres.com\/mentions-legales\/\"]}]},{\"@type\":\"BreadcrumbList\",\"@id\":\"https:\/\/www.lebaraencres.com\/mentions-legales\/#breadcrumb\",\"itemListElement\":[{\"@type\":\"ListItem\",\"position\":1,\"name\":\"Accueil\",\"item\":\"https:\/\/www.lebaraencres.com\/\"},{\"@type\":\"ListItem\",\"position\":2,\"name\":\"Mentions l\u00e9gales\"}]},{\"@type\":\"WebSite\",\"@id\":\"https:\/\/www.lebaraencres.com\/#website\",\"url\":\"https:\/\/www.lebaraencres.com\/\",\"name\":\"Bar \u00e0 encre\",\"description\":\"by RIS\",\"publisher\":{\"@id\":\"https:\/\/www.lebaraencres.com\/#organization\"},\"potentialAction\":[{\"@type\":\"SearchAction\",\"target\":{\"@type\":\"EntryPoint\",\"urlTemplate\":\"https:\/\/www.lebaraencres.com\/?s={search_term_string}\"},\"query-input\":{\"@type\":\"PropertyValueSpecification\",\"valueRequired\":true,\"valueName\":\"search_term_string\"}}],\"inLanguage\":\"de\"},{\"@type\":\"Organization\",\"@id\":\"https:\/\/www.lebaraencres.com\/#organization\",\"name\":\"Bar \u00e0 encre\",\"url\":\"https:\/\/www.lebaraencres.com\/\",\"logo\":{\"@type\":\"ImageObject\",\"inLanguage\":\"de\",\"@id\":\"https:\/\/www.lebaraencres.com\/#\/schema\/logo\/image\/\",\"url\":\"https:\/\/www.lebaraencres.com\/wp-content\/uploads\/2022\/07\/logo-BAE.png\",\"contentUrl\":\"https:\/\/www.lebaraencres.com\/wp-content\/uploads\/2022\/07\/logo-BAE.png\",\"width\":216,\"height\":135,\"caption\":\"Bar \u00e0 encre\"},\"image\":{\"@id\":\"https:\/\/www.lebaraencres.com\/#\/schema\/logo\/image\/\"}}]}<\/script>\n<!-- \/ Yoast SEO plugin. -->","yoast_head_json":{"title":"Mentions l\u00e9gales | Le bar \u00e0 encre","description":"Voici nos mentions l\u00e9gales.","robots":{"index":"index","follow":"follow","max-snippet":"max-snippet:-1","max-image-preview":"max-image-preview:large","max-video-preview":"max-video-preview:-1"},"canonical":"https:\/\/www.lebaraencres.com\/de\/mentions-legales\/","og_locale":"de_DE","og_type":"article","og_title":"Mentions l\u00e9gales | Le bar \u00e0 encres","og_description":"Nos mentions l\u00e9gales","og_url":"https:\/\/www.lebaraencres.com\/de\/mentions-legales\/","og_site_name":"Bar \u00e0 encre","article_modified_time":"2024-06-27T09:51:40+00:00","og_image":[{"width":568,"height":621,"url":"https:\/\/www.lebaraencres.com\/wp-content\/uploads\/2022\/09\/picture-top@2x.png","type":"image\/png"}],"twitter_card":"summary_large_image","twitter_title":"Mentions l\u00e9gales | Le bar \u00e0 encres","twitter_description":"Voici nos mentions l\u00e9gales","twitter_image":"https:\/\/www.lebaraencres.com\/wp-content\/uploads\/2022\/09\/picture-top@2x.png","twitter_misc":{"Gesch\u00e4tzte Lesezeit":"1\u00a0Minute"},"schema":{"@context":"https:\/\/schema.org","@graph":[{"@type":"WebPage","@id":"https:\/\/www.lebaraencres.com\/mentions-legales\/","url":"https:\/\/www.lebaraencres.com\/mentions-legales\/","name":"Mentions l\u00e9gales | Le bar \u00e0 encre","isPartOf":{"@id":"https:\/\/www.lebaraencres.com\/#website"},"datePublished":"2022-08-19T08:52:23+00:00","dateModified":"2024-06-27T09:51:40+00:00","description":"Voici nos mentions l\u00e9gales.","breadcrumb":{"@id":"https:\/\/www.lebaraencres.com\/mentions-legales\/#breadcrumb"},"inLanguage":"de","potentialAction":[{"@type":"ReadAction","target":["https:\/\/www.lebaraencres.com\/mentions-legales\/"]}]},{"@type":"BreadcrumbList","@id":"https:\/\/www.lebaraencres.com\/mentions-legales\/#breadcrumb","itemListElement":[{"@type":"ListItem","position":1,"name":"Accueil","item":"https:\/\/www.lebaraencres.com\/"},{"@type":"ListItem","position":2,"name":"Mentions l\u00e9gales"}]},{"@type":"WebSite","@id":"https:\/\/www.lebaraencres.com\/#website","url":"https:\/\/www.lebaraencres.com\/","name":"Bar \u00e0 encre","description":"by RIS","publisher":{"@id":"https:\/\/www.lebaraencres.com\/#organization"},"potentialAction":[{"@type":"SearchAction","target":{"@type":"EntryPoint","urlTemplate":"https:\/\/www.lebaraencres.com\/?s={search_term_string}"},"query-input":{"@type":"PropertyValueSpecification","valueRequired":true,"valueName":"search_term_string"}}],"inLanguage":"de"},{"@type":"Organization","@id":"https:\/\/www.lebaraencres.com\/#organization","name":"Bar \u00e0 encre","url":"https:\/\/www.lebaraencres.com\/","logo":{"@type":"ImageObject","inLanguage":"de","@id":"https:\/\/www.lebaraencres.com\/#\/schema\/logo\/image\/","url":"https:\/\/www.lebaraencres.com\/wp-content\/uploads\/2022\/07\/logo-BAE.png","contentUrl":"https:\/\/www.lebaraencres.com\/wp-content\/uploads\/2022\/07\/logo-BAE.png","width":216,"height":135,"caption":"Bar \u00e0 encre"},"image":{"@id":"https:\/\/www.lebaraencres.com\/#\/schema\/logo\/image\/"}}]}},"_links":{"self":[{"href":"https:\/\/www.lebaraencres.com\/de\/wp-json\/wp\/v2\/pages\/4023","targetHints":{"allow":["GET"]}}],"collection":[{"href":"https:\/\/www.lebaraencres.com\/de\/wp-json\/wp\/v2\/pages"}],"about":[{"href":"https:\/\/www.lebaraencres.com\/de\/wp-json\/wp\/v2\/types\/page"}],"author":[{"embeddable":true,"href":"https:\/\/www.lebaraencres.com\/de\/wp-json\/wp\/v2\/users\/1"}],"replies":[{"embeddable":true,"href":"https:\/\/www.lebaraencres.com\/de\/wp-json\/wp\/v2\/comments?post=4023"}],"version-history":[{"count":41,"href":"https:\/\/www.lebaraencres.com\/de\/wp-json\/wp\/v2\/pages\/4023\/revisions"}],"predecessor-version":[{"id":12410,"href":"https:\/\/www.lebaraencres.com\/de\/wp-json\/wp\/v2\/pages\/4023\/revisions\/12410"}],"wp:attachment":[{"href":"https:\/\/www.lebaraencres.com\/de\/wp-json\/wp\/v2\/media?parent=4023"}],"curies":[{"name":"wp","href":"https:\/\/api.w.org\/{rel}","templated":true}]}}